{"id":15333,"date":"2025-03-30T19:10:38","date_gmt":"2025-03-30T19:10:38","guid":{"rendered":"https:\/\/www.eggo.be\/?page_id=15333"},"modified":"2025-05-19T08:51:47","modified_gmt":"2025-05-19T08:51:47","slug":"mentions-legales","status":"publish","type":"page","link":"https:\/\/eggo-prd-clone.wp1.host\/fr\/mentions-legales\/","title":{"rendered":"Mentions l\u00e9gales"},"content":{"rendered":"\t\t<div data-elementor-type=\"wp-page\" data-elementor-id=\"15333\" class=\"elementor elementor-15333\" data-elementor-post-type=\"page\">\n\t\t\t\t<div class=\"elementor-element elementor-element-4076e01 e-flex e-con-boxed e-con e-parent\" data-id=\"4076e01\" data-element_type=\"container\" data-e-type=\"container\">\n\t\t\t\t\t<div class=\"e-con-inner\">\n\t\t\t\t<div class=\"elementor-element elementor-element-17f21fc elementor-widget elementor-widget-heading\" data-id=\"17f21fc\" data-element_type=\"widget\" data-e-type=\"widget\" data-widget_type=\"heading.default\">\n\t\t\t\t<div class=\"elementor-widget-container\">\n\t\t\t\t\t<h1 class=\"elementor-heading-title elementor-size-default\">Mentions L\u00e9gales<\/h1>\t\t\t\t<\/div>\n\t\t\t\t<\/div>\n\t\t\t\t\t<\/div>\n\t\t\t\t<\/div>\n\t\t<div class=\"elementor-element elementor-element-b9045d1 cgv e-flex e-con-boxed e-con e-parent\" data-id=\"b9045d1\" data-element_type=\"container\" data-e-type=\"container\">\n\t\t\t\t\t<div class=\"e-con-inner\">\n\t\t<div class=\"elementor-element elementor-element-db20828 e-con-full e-flex e-con e-child\" data-id=\"db20828\" data-element_type=\"container\" data-e-type=\"container\">\n\t\t\t\t<div class=\"elementor-element elementor-element-66429c0 elementor-widget elementor-widget-text-editor\" data-id=\"66429c0\" data-element_type=\"widget\" data-e-type=\"widget\" data-widget_type=\"text-editor.default\">\n\t\t\t\t<div class=\"elementor-widget-container\">\n\t\t\t\t\t\t\t\t\t<p><span style=\"font-weight: 400;\">Eggo et son logo sont des noms et marques d\u00e9pos\u00e9s de MENATAM SA et sont prot\u00e9g\u00e9s par des lois nationales et internationales.<\/span><\/p><p>\u00a0<\/p><p><span style=\"font-weight: 400;\">Les textes et illustrations figurant sur le site <\/span><a href=\"http:\/\/www.eggo.be\"><span style=\"font-weight: 400;\">www.eggo.be<\/span><\/a><span style=\"font-weight: 400;\"> sont prot\u00e9g\u00e9s par des droits d\u2019auteurs et principes du droit de propri\u00e9t\u00e9 intellectuelle. Ils ne peuvent \u00eatre copi\u00e9s, modifi\u00e9s ou publi\u00e9s sous une quelconque forme sans l\u2019autorisation expresse de MENATAM SA.<\/span><\/p><p>\u00a0<\/p><p><span style=\"font-weight: 400;\">MENATAM SA apporte un grand soin \u00e0 l\u2019exactitude et l\u2019exhaustivit\u00e9 des textes et illustrations pr\u00e9sents sur le site <\/span><a href=\"http:\/\/www.eggo.be\"><span style=\"font-weight: 400;\">www.eggo.be<\/span><\/a><span style=\"font-weight: 400;\">, mais ne peut \u00eatre tenu responsable de toute omission ou erreur dans ces informations. MENATAM SA ne peut en aucun cas \u00eatre tenu responsable des dommages \u00e9ventuels li\u00e9s \u00e0 l\u2019acc\u00e8s, la consultation ou l\u2019usage des informations pr\u00e9sentes sur <\/span><a href=\"http:\/\/www.eggo.be\"><span style=\"font-weight: 400;\">www.eggo.be<\/span><\/a><span style=\"font-weight: 400;\"> ou de leur indisponibilit\u00e9.<\/span><\/p><p>\u00a0<\/p><p><span style=\"font-weight: 400;\">Les prix indiqu\u00e9s sur <\/span><a href=\"http:\/\/www.eggo.be\"><span style=\"font-weight: 400;\">www.eggo.be<\/span><\/a><span style=\"font-weight: 400;\"> ont une valeur indicative et ne comportent aucun engagement de la part de MENATAM SA. Les textes et illustrations d\u00e9crivant un produit ne sont pas contractuels.<\/span><\/p><p>\u00a0<\/p><p><span style=\"font-weight: 400;\">Autorit\u00e9 de surveillance : Service Public F\u00e9d\u00e9ral Economie, PME, Classes Moyennes et Energie, Inspection Economique, Boulevard Albert II, 16, 1000 Bruxelles.<\/span><\/p>\t\t\t\t\t\t\t\t<\/div>\n\t\t\t\t<\/div>\n\t\t\t\t<\/div>\n\t\t\t\t\t<\/div>\n\t\t\t\t<\/div>\n\t\t\t\t<\/div>\n\t\t","protected":false},"excerpt":{"rendered":"<p>Mentions L\u00e9gales Eggo et son logo sont des noms et marques d\u00e9pos\u00e9s de MENATAM SA et sont prot\u00e9g\u00e9s par des lois nationales et internationales. \u00a0 Les textes et illustrations figurant sur le site www.eggo.be sont prot\u00e9g\u00e9s par des droits d\u2019auteurs et principes du droit de propri\u00e9t\u00e9 intellectuelle. Ils ne peuvent \u00eatre copi\u00e9s, modifi\u00e9s ou publi\u00e9s [&hellip;]<\/p>\n","protected":false},"author":1,"featured_media":0,"parent":0,"menu_order":0,"comment_status":"closed","ping_status":"closed","template":"","meta":{"footnotes":""},"class_list":["post-15333","page","type-page","status-publish","hentry"],"yoast_head":"<!-- This site is optimized with the Yoast SEO Premium plugin v26.2 (Yoast SEO v26.9) - https:\/\/yoast.com\/product\/yoast-seo-premium-wordpress\/ -->\n<title>Mentions l\u00e9gales d\u2019\u00e8ggo \u2013 Informations et obligations l\u00e9gales - Eggo<\/title>\n<meta name=\"description\" content=\"Consultez les mentions l\u00e9gales d\u2019\u00e8ggo pour en savoir plus sur nos obligations l\u00e9gales, nos coordonn\u00e9es et l\u2019utilisation du site.\" \/>\n<meta name=\"robots\" content=\"noindex, follow, max-snippet:-1, max-image-preview:large, max-video-preview:-1\" \/>\n<meta property=\"og:locale\" content=\"fr_FR\" \/>\n<meta property=\"og:type\" content=\"article\" \/>\n<meta property=\"og:title\" content=\"Mentions l\u00e9gales\" \/>\n<meta property=\"og:description\" content=\"Consultez les mentions l\u00e9gales d\u2019\u00e8ggo pour en savoir plus sur nos obligations l\u00e9gales, nos coordonn\u00e9es et l\u2019utilisation du site.\" \/>\n<meta property=\"og:url\" content=\"https:\/\/eggo-prd-clone.wp1.host\/fr\/mentions-legales\/\" \/>\n<meta property=\"og:site_name\" content=\"Eggo\" \/>\n<meta property=\"article:publisher\" content=\"https:\/\/www.facebook.com\/eggokitchen\" \/>\n<meta property=\"article:modified_time\" content=\"2025-05-19T08:51:47+00:00\" \/>\n<meta name=\"twitter:card\" content=\"summary_large_image\" \/>\n<meta name=\"twitter:label1\" content=\"Dur\u00e9e de lecture estim\u00e9e\" \/>\n\t<meta name=\"twitter:data1\" content=\"1 minute\" \/>\n<script type=\"application\/ld+json\" class=\"yoast-schema-graph\">{\"@context\":\"https:\/\/schema.org\",\"@graph\":[{\"@type\":\"WebPage\",\"@id\":\"https:\/\/eggo-prd-clone.wp1.host\/fr\/mentions-legales\/\",\"url\":\"https:\/\/eggo-prd-clone.wp1.host\/fr\/mentions-legales\/\",\"name\":\"Mentions l\u00e9gales d\u2019\u00e8ggo \u2013 Informations et obligations l\u00e9gales - Eggo\",\"isPartOf\":{\"@id\":\"https:\/\/eggo-prd-clone.wp1.host\/fr\/#website\"},\"datePublished\":\"2025-03-30T19:10:38+00:00\",\"dateModified\":\"2025-05-19T08:51:47+00:00\",\"description\":\"Consultez les mentions l\u00e9gales d\u2019\u00e8ggo pour en savoir plus sur nos obligations l\u00e9gales, nos coordonn\u00e9es et l\u2019utilisation du site.\",\"breadcrumb\":{\"@id\":\"https:\/\/eggo-prd-clone.wp1.host\/fr\/mentions-legales\/#breadcrumb\"},\"inLanguage\":\"fr-FR\",\"potentialAction\":[{\"@type\":\"ReadAction\",\"target\":[\"https:\/\/eggo-prd-clone.wp1.host\/fr\/mentions-legales\/\"]}]},{\"@type\":\"BreadcrumbList\",\"@id\":\"https:\/\/eggo-prd-clone.wp1.host\/fr\/mentions-legales\/#breadcrumb\",\"itemListElement\":[{\"@type\":\"ListItem\",\"position\":1,\"name\":\"Home\",\"item\":\"https:\/\/eggo-prd-clone.wp1.host\/fr\/\"},{\"@type\":\"ListItem\",\"position\":2,\"name\":\"Mentions l\u00e9gales\"}]},{\"@type\":\"WebSite\",\"@id\":\"https:\/\/eggo-prd-clone.wp1.host\/fr\/#website\",\"url\":\"https:\/\/eggo-prd-clone.wp1.host\/fr\/\",\"name\":\"\u00e8ggo\",\"description\":\"\",\"publisher\":{\"@id\":\"https:\/\/eggo-prd-clone.wp1.host\/fr\/#organization\"},\"potentialAction\":[{\"@type\":\"SearchAction\",\"target\":{\"@type\":\"EntryPoint\",\"urlTemplate\":\"https:\/\/eggo-prd-clone.wp1.host\/fr\/?s={search_term_string}\"},\"query-input\":{\"@type\":\"PropertyValueSpecification\",\"valueRequired\":true,\"valueName\":\"search_term_string\"}}],\"inLanguage\":\"fr-FR\"},{\"@type\":[\"Organization\",\"Place\"],\"@id\":\"https:\/\/eggo-prd-clone.wp1.host\/fr\/#organization\",\"name\":\"\u00e8ggo\",\"alternateName\":\"eggo\",\"url\":\"https:\/\/eggo-prd-clone.wp1.host\/fr\/\",\"logo\":{\"@id\":\"https:\/\/eggo-prd-clone.wp1.host\/fr\/mentions-legales\/#local-main-organization-logo\"},\"image\":{\"@id\":\"https:\/\/eggo-prd-clone.wp1.host\/fr\/mentions-legales\/#local-main-organization-logo\"},\"sameAs\":[\"https:\/\/www.facebook.com\/eggokitchen\",\"https:\/\/www.linkedin.com\/company\/eggo\/\"],\"description\":\"Des cuisines et meubles de rangement de qualit\u00e9 \u00e0 des prix avantageux ! D\u00e9couvrez nos mod\u00e8les et prenez rendez-vous en ligne dans votre showroom \u00e8ggo.\",\"telephone\":[],\"openingHoursSpecification\":[{\"@type\":\"OpeningHoursSpecification\",\"dayOfWeek\":[\"Monday\",\"Tuesday\",\"Wednesday\",\"Thursday\",\"Friday\",\"Saturday\",\"Sunday\"],\"opens\":\"09:00\",\"closes\":\"17:00\"}]},{\"@type\":\"ImageObject\",\"inLanguage\":\"fr-FR\",\"@id\":\"https:\/\/eggo-prd-clone.wp1.host\/fr\/mentions-legales\/#local-main-organization-logo\",\"url\":\"https:\/\/eggo-prd-clone.wp1.host\/wp-content\/uploads\/2025\/01\/Logo.png\",\"contentUrl\":\"https:\/\/eggo-prd-clone.wp1.host\/wp-content\/uploads\/2025\/01\/Logo.png\",\"width\":88,\"height\":88,\"caption\":\"\u00e8ggo\"}]}<\/script>\n<!-- \/ Yoast SEO Premium plugin. -->","yoast_head_json":{"title":"Mentions l\u00e9gales d\u2019\u00e8ggo \u2013 Informations et obligations l\u00e9gales - Eggo","description":"Consultez les mentions l\u00e9gales d\u2019\u00e8ggo pour en savoir plus sur nos obligations l\u00e9gales, nos coordonn\u00e9es et l\u2019utilisation du site.","robots":{"index":"noindex","follow":"follow","max-snippet":"max-snippet:-1","max-image-preview":"max-image-preview:large","max-video-preview":"max-video-preview:-1"},"og_locale":"fr_FR","og_type":"article","og_title":"Mentions l\u00e9gales","og_description":"Consultez les mentions l\u00e9gales d\u2019\u00e8ggo pour en savoir plus sur nos obligations l\u00e9gales, nos coordonn\u00e9es et l\u2019utilisation du site.","og_url":"https:\/\/eggo-prd-clone.wp1.host\/fr\/mentions-legales\/","og_site_name":"Eggo","article_publisher":"https:\/\/www.facebook.com\/eggokitchen","article_modified_time":"2025-05-19T08:51:47+00:00","twitter_card":"summary_large_image","twitter_misc":{"Dur\u00e9e de lecture estim\u00e9e":"1 minute"},"schema":{"@context":"https:\/\/schema.org","@graph":[{"@type":"WebPage","@id":"https:\/\/eggo-prd-clone.wp1.host\/fr\/mentions-legales\/","url":"https:\/\/eggo-prd-clone.wp1.host\/fr\/mentions-legales\/","name":"Mentions l\u00e9gales d\u2019\u00e8ggo \u2013 Informations et obligations l\u00e9gales - Eggo","isPartOf":{"@id":"https:\/\/eggo-prd-clone.wp1.host\/fr\/#website"},"datePublished":"2025-03-30T19:10:38+00:00","dateModified":"2025-05-19T08:51:47+00:00","description":"Consultez les mentions l\u00e9gales d\u2019\u00e8ggo pour en savoir plus sur nos obligations l\u00e9gales, nos coordonn\u00e9es et l\u2019utilisation du site.","breadcrumb":{"@id":"https:\/\/eggo-prd-clone.wp1.host\/fr\/mentions-legales\/#breadcrumb"},"inLanguage":"fr-FR","potentialAction":[{"@type":"ReadAction","target":["https:\/\/eggo-prd-clone.wp1.host\/fr\/mentions-legales\/"]}]},{"@type":"BreadcrumbList","@id":"https:\/\/eggo-prd-clone.wp1.host\/fr\/mentions-legales\/#breadcrumb","itemListElement":[{"@type":"ListItem","position":1,"name":"Home","item":"https:\/\/eggo-prd-clone.wp1.host\/fr\/"},{"@type":"ListItem","position":2,"name":"Mentions l\u00e9gales"}]},{"@type":"WebSite","@id":"https:\/\/eggo-prd-clone.wp1.host\/fr\/#website","url":"https:\/\/eggo-prd-clone.wp1.host\/fr\/","name":"\u00e8ggo","description":"","publisher":{"@id":"https:\/\/eggo-prd-clone.wp1.host\/fr\/#organization"},"potentialAction":[{"@type":"SearchAction","target":{"@type":"EntryPoint","urlTemplate":"https:\/\/eggo-prd-clone.wp1.host\/fr\/?s={search_term_string}"},"query-input":{"@type":"PropertyValueSpecification","valueRequired":true,"valueName":"search_term_string"}}],"inLanguage":"fr-FR"},{"@type":["Organization","Place"],"@id":"https:\/\/eggo-prd-clone.wp1.host\/fr\/#organization","name":"\u00e8ggo","alternateName":"eggo","url":"https:\/\/eggo-prd-clone.wp1.host\/fr\/","logo":{"@id":"https:\/\/eggo-prd-clone.wp1.host\/fr\/mentions-legales\/#local-main-organization-logo"},"image":{"@id":"https:\/\/eggo-prd-clone.wp1.host\/fr\/mentions-legales\/#local-main-organization-logo"},"sameAs":["https:\/\/www.facebook.com\/eggokitchen","https:\/\/www.linkedin.com\/company\/eggo\/"],"description":"Des cuisines et meubles de rangement de qualit\u00e9 \u00e0 des prix avantageux ! D\u00e9couvrez nos mod\u00e8les et prenez rendez-vous en ligne dans votre showroom \u00e8ggo.","telephone":[],"openingHoursSpecification":[{"@type":"OpeningHoursSpecification","dayOfWeek":["Monday","Tuesday","Wednesday","Thursday","Friday","Saturday","Sunday"],"opens":"09:00","closes":"17:00"}]},{"@type":"ImageObject","inLanguage":"fr-FR","@id":"https:\/\/eggo-prd-clone.wp1.host\/fr\/mentions-legales\/#local-main-organization-logo","url":"https:\/\/eggo-prd-clone.wp1.host\/wp-content\/uploads\/2025\/01\/Logo.png","contentUrl":"https:\/\/eggo-prd-clone.wp1.host\/wp-content\/uploads\/2025\/01\/Logo.png","width":88,"height":88,"caption":"\u00e8ggo"}]}},"meta_box":{"promotion_toggle":"0","small_featured_promotion_toggle":"0","promotion_icon":[],"promotion_description":"","promotion_period":"","promotion_link":"","promotion_bg_color":"#ffffff","promotion_text_color":"#fe5000","read_more_content":"","catalog_pdf":[]},"_links":{"self":[{"href":"https:\/\/eggo-prd-clone.wp1.host\/fr\/wp-json\/wp\/v2\/pages\/15333","targetHints":{"allow":["GET"]}}],"collection":[{"href":"https:\/\/eggo-prd-clone.wp1.host\/fr\/wp-json\/wp\/v2\/pages"}],"about":[{"href":"https:\/\/eggo-prd-clone.wp1.host\/fr\/wp-json\/wp\/v2\/types\/page"}],"author":[{"embeddable":true,"href":"https:\/\/eggo-prd-clone.wp1.host\/fr\/wp-json\/wp\/v2\/users\/1"}],"replies":[{"embeddable":true,"href":"https:\/\/eggo-prd-clone.wp1.host\/fr\/wp-json\/wp\/v2\/comments?post=15333"}],"version-history":[{"count":28,"href":"https:\/\/eggo-prd-clone.wp1.host\/fr\/wp-json\/wp\/v2\/pages\/15333\/revisions"}],"predecessor-version":[{"id":25706,"href":"https:\/\/eggo-prd-clone.wp1.host\/fr\/wp-json\/wp\/v2\/pages\/15333\/revisions\/25706"}],"wp:attachment":[{"href":"https:\/\/eggo-prd-clone.wp1.host\/fr\/wp-json\/wp\/v2\/media?parent=15333"}],"curies":[{"name":"wp","href":"https:\/\/api.w.org\/{rel}","templated":true}]}}