{"id":19635,"date":"2025-04-03T16:14:21","date_gmt":"2025-04-03T16:14:21","guid":{"rendered":"https:\/\/www.eggo.be\/?page_id=19635"},"modified":"2025-07-03T10:28:54","modified_gmt":"2025-07-03T10:28:54","slug":"charte-de-qualite","status":"publish","type":"page","link":"https:\/\/eggo-prd-clone.wp1.host\/fr\/charte-de-qualite\/","title":{"rendered":"Charte de qualit\u00e9"},"content":{"rendered":"\t\t<div data-elementor-type=\"wp-page\" data-elementor-id=\"19635\" class=\"elementor elementor-19635\" data-elementor-post-type=\"page\">\n\t\t\t\t<div class=\"elementor-element elementor-element-a407861 e-flex e-con-boxed e-con e-parent\" data-id=\"a407861\" data-element_type=\"container\" data-e-type=\"container\">\n\t\t\t\t\t<div class=\"e-con-inner\">\n\t\t\t\t<div class=\"elementor-element elementor-element-83396b6 elementor-widget__width-initial elementor-widget elementor-widget-heading\" data-id=\"83396b6\" data-element_type=\"widget\" data-e-type=\"widget\" data-widget_type=\"heading.default\">\n\t\t\t\t<div class=\"elementor-widget-container\">\n\t\t\t\t\t<h1 class=\"elementor-heading-title elementor-size-default\">Pourquoi choisir \u00e8ggo ?\n<\/h1>\t\t\t\t<\/div>\n\t\t\t\t<\/div>\n\t\t\t\t<div class=\"elementor-element elementor-element-18ecce7 elementor-widget__width-initial elementor-widget elementor-widget-text-editor\" data-id=\"18ecce7\" data-element_type=\"widget\" data-e-type=\"widget\" data-widget_type=\"text-editor.default\">\n\t\t\t\t<div class=\"elementor-widget-container\">\n\t\t\t\t\t\t\t\t\t<p><span style=\"font-weight: 400;\">Bien choisir sa nouvelle cuisine \u00e9quip\u00e9e, c\u2019est important.\u00a0 Proximit\u00e9, comp\u00e9tence, qualit\u00e9, cr\u00e9ativit\u00e9, comp\u00e9titivit\u00e9, \u2026 comment savoir \u00e0 qui confier son projet ? Ne cherchez plus : voici pourquoi vous avez raison de nous faire confiance.<\/span><\/p>\t\t\t\t\t\t\t\t<\/div>\n\t\t\t\t<\/div>\n\t\t\t\t\t<\/div>\n\t\t\t\t<\/div>\n\t\t<div class=\"elementor-element elementor-element-4330042 e-flex e-con-boxed e-con e-parent\" data-id=\"4330042\" data-element_type=\"container\" data-e-type=\"container\">\n\t\t\t\t\t<div class=\"e-con-inner\">\n\t\t<div class=\"elementor-element elementor-element-48176f4 e-con-full e-flex e-con e-child\" data-id=\"48176f4\" data-element_type=\"container\" data-e-type=\"container\">\n\t\t<div class=\"elementor-element elementor-element-f9a5cbe e-grid e-con-full e-con e-child\" data-id=\"f9a5cbe\" data-element_type=\"container\" data-e-type=\"container\">\n\t\t\t\t<div class=\"elementor-element elementor-element-c4b1a2e elementor-widget elementor-widget-icon-box\" data-id=\"c4b1a2e\" data-element_type=\"widget\" data-e-type=\"widget\" data-widget_type=\"icon-box.default\">\n\t\t\t\t<div class=\"elementor-widget-container\">\n\t\t\t\t\t\t\t<div class=\"elementor-icon-box-wrapper\">\n\n\t\t\t\n\t\t\t\t\t\t<div class=\"elementor-icon-box-content\">\n\n\t\t\t\t\t\t\t\t\t<h3 class=\"elementor-icon-box-title\">\n\t\t\t\t\t\t<span  >\n\t\t\t\t\t\t\tEtre bien conseill\u00e9\t\t\t\t\t\t<\/span>\n\t\t\t\t\t<\/h3>\n\t\t\t\t\n\t\t\t\t\t\t\t\t\t<p class=\"elementor-icon-box-description\">\n\t\t\t\t\t\tLes cuisinistes-conseils \u00e8ggo ont une longue exp\u00e9rience en design et am\u00e9nagement d\u2019int\u00e9rieur. Ils savent comprendre vos attentes et vos envies pour concevoir la cuisine qui vous ressemble.\t\t\t\t\t<\/p>\n\t\t\t\t\n\t\t\t<\/div>\n\t\t\t\n\t\t<\/div>\n\t\t\t\t\t\t<\/div>\n\t\t\t\t<\/div>\n\t\t\t\t<div class=\"elementor-element elementor-element-9a69554 elementor-widget elementor-widget-icon-box\" data-id=\"9a69554\" data-element_type=\"widget\" data-e-type=\"widget\" data-widget_type=\"icon-box.default\">\n\t\t\t\t<div class=\"elementor-widget-container\">\n\t\t\t\t\t\t\t<div class=\"elementor-icon-box-wrapper\">\n\n\t\t\t\n\t\t\t\t\t\t<div class=\"elementor-icon-box-content\">\n\n\t\t\t\t\t\t\t\t\t<h3 class=\"elementor-icon-box-title\">\n\t\t\t\t\t\t<span  >\n\t\t\t\t\t\t\tRespecter mon budget\t\t\t\t\t\t<\/span>\n\t\t\t\t\t<\/h3>\n\t\t\t\t\n\t\t\t\t\t\t\t\t\t<p class=\"elementor-icon-box-description\">\n\t\t\t\t\t\tRendre le design accessible a toujours \u00e9t\u00e9 notre priorit\u00e9 : une cuisine n\u2019a pas besoin d\u2019\u00eatre ch\u00e8re pour \u00eatre belle et robuste. Votre cuisiniste \u00e8ggo vous proposera toujours les meilleures solutions qui respecteront votre budget.\t\t\t\t\t<\/p>\n\t\t\t\t\n\t\t\t<\/div>\n\t\t\t\n\t\t<\/div>\n\t\t\t\t\t\t<\/div>\n\t\t\t\t<\/div>\n\t\t\t\t<div class=\"elementor-element elementor-element-9432f59 elementor-widget elementor-widget-icon-box\" data-id=\"9432f59\" data-element_type=\"widget\" data-e-type=\"widget\" data-widget_type=\"icon-box.default\">\n\t\t\t\t<div class=\"elementor-widget-container\">\n\t\t\t\t\t\t\t<div class=\"elementor-icon-box-wrapper\">\n\n\t\t\t\n\t\t\t\t\t\t<div class=\"elementor-icon-box-content\">\n\n\t\t\t\t\t\t\t\t\t<h3 class=\"elementor-icon-box-title\">\n\t\t\t\t\t\t<span  >\n\t\t\t\t\t\t\tRecevoir une offre d\u00e9taill\u00e9\t\t\t\t\t\t<\/span>\n\t\t\t\t\t<\/h3>\n\t\t\t\t\n\t\t\t\t\t\t\t\t\t<p class=\"elementor-icon-box-description\">\n\t\t\t\t\t\tChez \u00e8ggo, nous sommes les seuls \u00e0 vous remettre une offre claire, compl\u00e8te et d\u00e9taill\u00e9e. Avec tous ces \u00e9l\u00e9ments en main, vous pouvez prendre le temps de r\u00e9fl\u00e9chir \u00e0 votre projet. Bien s\u00fbr, nous pourrons toujours l\u2019adapter, gratuitement et sans engagement.\t\t\t\t\t<\/p>\n\t\t\t\t\n\t\t\t<\/div>\n\t\t\t\n\t\t<\/div>\n\t\t\t\t\t\t<\/div>\n\t\t\t\t<\/div>\n\t\t\t\t<div class=\"elementor-element elementor-element-004f421 elementor-widget elementor-widget-icon-box\" data-id=\"004f421\" data-element_type=\"widget\" data-e-type=\"widget\" data-widget_type=\"icon-box.default\">\n\t\t\t\t<div class=\"elementor-widget-container\">\n\t\t\t\t\t\t\t<div class=\"elementor-icon-box-wrapper\">\n\n\t\t\t\n\t\t\t\t\t\t<div class=\"elementor-icon-box-content\">\n\n\t\t\t\t\t\t\t\t\t<h3 class=\"elementor-icon-box-title\">\n\t\t\t\t\t\t<span  >\n\t\t\t\t\t\t\tAppr\u00e9cier la pose par des pros\t\t\t\t\t\t<\/span>\n\t\t\t\t\t<\/h3>\n\t\t\t\t\n\t\t\t\t\t\t\t\t\t<p class=\"elementor-icon-box-description\">\n\t\t\t\t\t\t\u00c8ggo s\u00e9lectionne des menuisiers-installateurs qui se chargeront de la pose de votre cuisine et du branchement de vos \u00e9lectros. Li\u00e9s par notre charte de qualit\u00e9, ils engagent leur professionnalisme et leur exp\u00e9rience au service de votre enti\u00e8re satisfaction.\t\t\t\t\t<\/p>\n\t\t\t\t\n\t\t\t<\/div>\n\t\t\t\n\t\t<\/div>\n\t\t\t\t\t\t<\/div>\n\t\t\t\t<\/div>\n\t\t\t\t<div class=\"elementor-element elementor-element-91de531 elementor-widget elementor-widget-icon-box\" data-id=\"91de531\" data-element_type=\"widget\" data-e-type=\"widget\" data-widget_type=\"icon-box.default\">\n\t\t\t\t<div class=\"elementor-widget-container\">\n\t\t\t\t\t\t\t<div class=\"elementor-icon-box-wrapper\">\n\n\t\t\t\n\t\t\t\t\t\t<div class=\"elementor-icon-box-content\">\n\n\t\t\t\t\t\t\t\t\t<h3 class=\"elementor-icon-box-title\">\n\t\t\t\t\t\t<span  >\n\t\t\t\t\t\t\t Etre parfaitement accompagn\u00e9\t\t\t\t\t\t<\/span>\n\t\t\t\t\t<\/h3>\n\t\t\t\t\n\t\t\t\t\t\t\t\t\t<p class=\"elementor-icon-box-description\">\n\t\t\t\t\t\tUnique en Belgique, le Service Client \u00e8ggo vous d\u00e9die un gestionnaire de projet qui sera votre interlocuteur privil\u00e9gi\u00e9. Avec lui et gr\u00e2ce \u00e0 votre espace personnel \u201cmy \u00e8ggo\u201d,  vous n\u2019\u00eates jamais seul et savez \u00e0 tout moment o\u00f9 en est votre cuisine\t\t\t\t\t<\/p>\n\t\t\t\t\n\t\t\t<\/div>\n\t\t\t\n\t\t<\/div>\n\t\t\t\t\t\t<\/div>\n\t\t\t\t<\/div>\n\t\t\t\t<div class=\"elementor-element elementor-element-604dec1 elementor-widget elementor-widget-icon-box\" data-id=\"604dec1\" data-element_type=\"widget\" data-e-type=\"widget\" data-widget_type=\"icon-box.default\">\n\t\t\t\t<div class=\"elementor-widget-container\">\n\t\t\t\t\t\t\t<div class=\"elementor-icon-box-wrapper\">\n\n\t\t\t\n\t\t\t\t\t\t<div class=\"elementor-icon-box-content\">\n\n\t\t\t\t\t\t\t\t\t<h3 class=\"elementor-icon-box-title\">\n\t\t\t\t\t\t<span  >\n\t\t\t\t\t\t\tMe reposer sur des garanties solides\t\t\t\t\t\t<\/span>\n\t\t\t\t\t<\/h3>\n\t\t\t\t\n\t\t\t\t\t\t\t\t\t<p class=\"elementor-icon-box-description\">\n\t\t\t\t\t\tLes meubles, plans de travail et m\u00e9canismes de votre cuisine \u00e9quip\u00e9e b\u00e9n\u00e9ficient de solides garanties qui vous assurent toute la tranquillit\u00e9 n\u00e9cessaire pour en profiter sans soucis et pour tr\u00e8s longtemps.\t\t\t\t\t<\/p>\n\t\t\t\t\n\t\t\t<\/div>\n\t\t\t\n\t\t<\/div>\n\t\t\t\t\t\t<\/div>\n\t\t\t\t<\/div>\n\t\t\t\t<div class=\"elementor-element elementor-element-693f1f2 elementor-widget elementor-widget-icon-box\" data-id=\"693f1f2\" data-element_type=\"widget\" data-e-type=\"widget\" data-widget_type=\"icon-box.default\">\n\t\t\t\t<div class=\"elementor-widget-container\">\n\t\t\t\t\t\t\t<div class=\"elementor-icon-box-wrapper\">\n\n\t\t\t\n\t\t\t\t\t\t<div class=\"elementor-icon-box-content\">\n\n\t\t\t\t\t\t\t\t\t<h3 class=\"elementor-icon-box-title\">\n\t\t\t\t\t\t<span  >\n\t\t\t\t\t\t\tFaire confiance \u00e0 une entreprise belge\t\t\t\t\t\t<\/span>\n\t\t\t\t\t<\/h3>\n\t\t\t\t\n\t\t\t\t\t\t\t\t\t<p class=\"elementor-icon-box-description\">\n\t\t\t\t\t\t\u00c8ggo est une entreprise belge et familiale, qui emploie des centaines de personnes, dans ses magasins comme dans ses services administratifs et de logistique. Ensemble, nous partageons le plaisir et le bonheur de cr\u00e9er, pour chaque client, des cuisines uniques et qui leur ressemblent.\t\t\t\t\t<\/p>\n\t\t\t\t\n\t\t\t<\/div>\n\t\t\t\n\t\t<\/div>\n\t\t\t\t\t\t<\/div>\n\t\t\t\t<\/div>\n\t\t\t\t<\/div>\n\t\t\t\t<\/div>\n\t\t<div class=\"elementor-element elementor-element-d627708 e-con-full e-flex e-con e-child\" data-id=\"d627708\" data-element_type=\"container\" data-e-type=\"container\" data-settings=\"{&quot;background_background&quot;:&quot;classic&quot;}\">\n\t\t\t\t<div class=\"elementor-element elementor-element-4bb9793 elementor-widget__width-initial elementor-widget-tablet__width-inherit elementor-widget elementor-widget-heading\" data-id=\"4bb9793\" data-element_type=\"widget\" data-e-type=\"widget\" data-widget_type=\"heading.default\">\n\t\t\t\t<div class=\"elementor-widget-container\">\n\t\t\t\t\t<h2 class=\"elementor-heading-title elementor-size-default\">Avec \u00e8ggo je peux :<\/h2>\t\t\t\t<\/div>\n\t\t\t\t<\/div>\n\t\t\t\t<\/div>\n\t\t\t\t\t<\/div>\n\t\t\t\t<\/div>\n\t\t<div class=\"elementor-element elementor-element-e08949c e-flex e-con-boxed e-con e-parent\" data-id=\"e08949c\" data-element_type=\"container\" data-e-type=\"container\">\n\t\t\t\t\t<div class=\"e-con-inner\">\n\t\t\t\t<div class=\"elementor-element elementor-element-0626862 elementor-widget elementor-widget-testimonial_Section\" data-id=\"0626862\" data-element_type=\"widget\" data-e-type=\"widget\" data-widget_type=\"testimonial_Section.default\">\n\t\t\t\t<div class=\"elementor-widget-container\">\n\t\t\t\t\t        <div class=\"custom-testimonials-container elementor-testimonials-0626862\" data-testimonial-ids=\"16019,16008,15943,15997\">\n            \n            \n            <!-- Testimonials Posts Wrapper -->\n            <div class=\"posts-con\">\n                <div id=\"testimonials-posts\" class=\"testimonials-posts\"><\/div>\n                <div id=\"modal-loader\"><\/div>\n            <\/div>\n\n            <div class=\"no-posts\" style=\"width: 100%; display: none;\">No testimonials found.<\/div>\n            \n            <!-- Load More Button -->\n            <div class=\"load-more-wrapper\">\n                <button id=\"load-more-btn\" style=\"display: block;\">Plus de t\u00e9moignages<\/button>\n            <\/div>\n        <\/div>\n        \t\t\t\t<\/div>\n\t\t\t\t<\/div>\n\t\t\t\t\t<\/div>\n\t\t\t\t<\/div>\n\t\t<div class=\"elementor-element elementor-element-4ace829 e-flex e-con-boxed e-con e-parent\" data-id=\"4ace829\" data-element_type=\"container\" data-e-type=\"container\">\n\t\t\t\t\t<div class=\"e-con-inner\">\n\t\t\t\t<div class=\"elementor-element elementor-element-f7e453d elementor-widget__width-initial elementor-widget-tablet__width-inherit elementor-widget elementor-widget-heading\" data-id=\"f7e453d\" data-element_type=\"widget\" data-e-type=\"widget\" data-widget_type=\"heading.default\">\n\t\t\t\t<div class=\"elementor-widget-container\">\n\t\t\t\t\t<h2 class=\"elementor-heading-title elementor-size-default\">Envie d\u2019en savoir plus sur \u00e8ggo ?<\/h2>\t\t\t\t<\/div>\n\t\t\t\t<\/div>\n\t\t<div class=\"elementor-element elementor-element-651d698 e-con-full e-flex e-con e-child\" data-id=\"651d698\" data-element_type=\"container\" data-e-type=\"container\">\n\t\t\t\t<div class=\"elementor-element elementor-element-0cb6e53 elementor-align-justify elementor-widget__width-initial elementor-widget-mobile__width-inherit elementor-widget elementor-widget-button\" data-id=\"0cb6e53\" data-element_type=\"widget\" data-e-type=\"widget\" data-widget_type=\"button.default\">\n\t\t\t\t<div class=\"elementor-widget-container\">\n\t\t\t\t\t\t\t\t\t<div class=\"elementor-button-wrapper\">\n\t\t\t\t\t<a class=\"elementor-button elementor-button-link elementor-size-sm\" href=\"https:\/\/www.eggo.be\/fr\/accompagnement\" target=\"_blank\">\n\t\t\t\t\t\t<span class=\"elementor-button-content-wrapper\">\n\t\t\t\t\t\t\t\t\t<span class=\"elementor-button-text\">D\u00e9couvrez notre savoir-faire<\/span>\n\t\t\t\t\t<\/span>\n\t\t\t\t\t<\/a>\n\t\t\t\t<\/div>\n\t\t\t\t\t\t\t\t<\/div>\n\t\t\t\t<\/div>\n\t\t\t\t<\/div>\n\t\t\t\t\t<\/div>\n\t\t\t\t<\/div>\n\t\t\t\t<\/div>\n\t\t","protected":false},"excerpt":{"rendered":"<p>Pourquoi choisir \u00e8ggo ? Bien choisir sa nouvelle cuisine \u00e9quip\u00e9e, c\u2019est important.\u00a0 Proximit\u00e9, comp\u00e9tence, qualit\u00e9, cr\u00e9ativit\u00e9, comp\u00e9titivit\u00e9, \u2026 comment savoir \u00e0 qui confier son projet ? Ne cherchez plus : voici pourquoi vous avez raison de nous faire confiance. Etre bien conseill\u00e9 Les cuisinistes-conseils \u00e8ggo ont une longue exp\u00e9rience en design et am\u00e9nagement d\u2019int\u00e9rieur. Ils [&hellip;]<\/p>\n","protected":false},"author":1,"featured_media":0,"parent":0,"menu_order":0,"comment_status":"closed","ping_status":"closed","template":"","meta":{"footnotes":""},"class_list":["post-19635","page","type-page","status-publish","hentry"],"yoast_head":"<!-- This site is optimized with the Yoast SEO Premium plugin v26.2 (Yoast SEO v26.9) - https:\/\/yoast.com\/product\/yoast-seo-premium-wordpress\/ -->\n<title>Charte de qualit\u00e9 - Eggo - Eggo<\/title>\n<meta name=\"description\" content=\"Bien choisir sa nouvelle cuisine \u00e9quip\u00e9e, c\u2019est important. Proximit\u00e9, comp\u00e9tence, qualit\u00e9, cr\u00e9ativit\u00e9, comp\u00e9titivit\u00e9, \u2026 comment savoir \u00e0 qui confier son projet ? Ne cherchez plus : voici pourquoi vous avez raison de nous faire confiance.\" \/>\n<meta name=\"robots\" content=\"noindex, follow, max-snippet:-1, max-image-preview:large, max-video-preview:-1\" \/>\n<meta property=\"og:locale\" content=\"fr_FR\" \/>\n<meta property=\"og:type\" content=\"article\" \/>\n<meta property=\"og:title\" content=\"Charte de qualit\u00e9\" \/>\n<meta property=\"og:description\" content=\"Bien choisir sa nouvelle cuisine \u00e9quip\u00e9e, c\u2019est important. Proximit\u00e9, comp\u00e9tence, qualit\u00e9, cr\u00e9ativit\u00e9, comp\u00e9titivit\u00e9, \u2026 comment savoir \u00e0 qui confier son projet ? Ne cherchez plus : voici pourquoi vous avez raison de nous faire confiance.\" \/>\n<meta property=\"og:url\" content=\"https:\/\/eggo-prd-clone.wp1.host\/fr\/charte-de-qualite\/\" \/>\n<meta property=\"og:site_name\" content=\"Eggo\" \/>\n<meta property=\"article:publisher\" content=\"https:\/\/www.facebook.com\/eggokitchen\" \/>\n<meta property=\"article:modified_time\" content=\"2025-07-03T10:28:54+00:00\" \/>\n<meta name=\"twitter:card\" content=\"summary_large_image\" \/>\n<meta name=\"twitter:label1\" content=\"Dur\u00e9e de lecture estim\u00e9e\" \/>\n\t<meta name=\"twitter:data1\" content=\"1 minute\" \/>\n<script type=\"application\/ld+json\" class=\"yoast-schema-graph\">{\"@context\":\"https:\/\/schema.org\",\"@graph\":[{\"@type\":\"WebPage\",\"@id\":\"https:\/\/eggo-prd-clone.wp1.host\/fr\/charte-de-qualite\/\",\"url\":\"https:\/\/eggo-prd-clone.wp1.host\/fr\/charte-de-qualite\/\",\"name\":\"Charte de qualit\u00e9 - Eggo - Eggo\",\"isPartOf\":{\"@id\":\"https:\/\/eggo-prd-clone.wp1.host\/fr\/#website\"},\"datePublished\":\"2025-04-03T16:14:21+00:00\",\"dateModified\":\"2025-07-03T10:28:54+00:00\",\"description\":\"Bien choisir sa nouvelle cuisine \u00e9quip\u00e9e, c\u2019est important. Proximit\u00e9, comp\u00e9tence, qualit\u00e9, cr\u00e9ativit\u00e9, comp\u00e9titivit\u00e9, \u2026 comment savoir \u00e0 qui confier son projet ? Ne cherchez plus : voici pourquoi vous avez raison de nous faire confiance.\",\"breadcrumb\":{\"@id\":\"https:\/\/eggo-prd-clone.wp1.host\/fr\/charte-de-qualite\/#breadcrumb\"},\"inLanguage\":\"fr-FR\",\"potentialAction\":[{\"@type\":\"ReadAction\",\"target\":[\"https:\/\/eggo-prd-clone.wp1.host\/fr\/charte-de-qualite\/\"]}]},{\"@type\":\"BreadcrumbList\",\"@id\":\"https:\/\/eggo-prd-clone.wp1.host\/fr\/charte-de-qualite\/#breadcrumb\",\"itemListElement\":[{\"@type\":\"ListItem\",\"position\":1,\"name\":\"Home\",\"item\":\"https:\/\/eggo-prd-clone.wp1.host\/fr\/\"},{\"@type\":\"ListItem\",\"position\":2,\"name\":\"Charte de qualit\u00e9\"}]},{\"@type\":\"WebSite\",\"@id\":\"https:\/\/eggo-prd-clone.wp1.host\/fr\/#website\",\"url\":\"https:\/\/eggo-prd-clone.wp1.host\/fr\/\",\"name\":\"\u00e8ggo\",\"description\":\"\",\"publisher\":{\"@id\":\"https:\/\/eggo-prd-clone.wp1.host\/fr\/#organization\"},\"potentialAction\":[{\"@type\":\"SearchAction\",\"target\":{\"@type\":\"EntryPoint\",\"urlTemplate\":\"https:\/\/eggo-prd-clone.wp1.host\/fr\/?s={search_term_string}\"},\"query-input\":{\"@type\":\"PropertyValueSpecification\",\"valueRequired\":true,\"valueName\":\"search_term_string\"}}],\"inLanguage\":\"fr-FR\"},{\"@type\":[\"Organization\",\"Place\"],\"@id\":\"https:\/\/eggo-prd-clone.wp1.host\/fr\/#organization\",\"name\":\"\u00e8ggo\",\"alternateName\":\"eggo\",\"url\":\"https:\/\/eggo-prd-clone.wp1.host\/fr\/\",\"logo\":{\"@id\":\"https:\/\/eggo-prd-clone.wp1.host\/fr\/charte-de-qualite\/#local-main-organization-logo\"},\"image\":{\"@id\":\"https:\/\/eggo-prd-clone.wp1.host\/fr\/charte-de-qualite\/#local-main-organization-logo\"},\"sameAs\":[\"https:\/\/www.facebook.com\/eggokitchen\",\"https:\/\/www.linkedin.com\/company\/eggo\/\"],\"description\":\"Des cuisines et meubles de rangement de qualit\u00e9 \u00e0 des prix avantageux ! D\u00e9couvrez nos mod\u00e8les et prenez rendez-vous en ligne dans votre showroom \u00e8ggo.\",\"telephone\":[],\"openingHoursSpecification\":[{\"@type\":\"OpeningHoursSpecification\",\"dayOfWeek\":[\"Monday\",\"Tuesday\",\"Wednesday\",\"Thursday\",\"Friday\",\"Saturday\",\"Sunday\"],\"opens\":\"09:00\",\"closes\":\"17:00\"}]},{\"@type\":\"ImageObject\",\"inLanguage\":\"fr-FR\",\"@id\":\"https:\/\/eggo-prd-clone.wp1.host\/fr\/charte-de-qualite\/#local-main-organization-logo\",\"url\":\"https:\/\/eggo-prd-clone.wp1.host\/wp-content\/uploads\/2025\/01\/Logo.png\",\"contentUrl\":\"https:\/\/eggo-prd-clone.wp1.host\/wp-content\/uploads\/2025\/01\/Logo.png\",\"width\":88,\"height\":88,\"caption\":\"\u00e8ggo\"}]}<\/script>\n<!-- \/ Yoast SEO Premium plugin. -->","yoast_head_json":{"title":"Charte de qualit\u00e9 - Eggo - Eggo","description":"Bien choisir sa nouvelle cuisine \u00e9quip\u00e9e, c\u2019est important. Proximit\u00e9, comp\u00e9tence, qualit\u00e9, cr\u00e9ativit\u00e9, comp\u00e9titivit\u00e9, \u2026 comment savoir \u00e0 qui confier son projet ? Ne cherchez plus : voici pourquoi vous avez raison de nous faire confiance.","robots":{"index":"noindex","follow":"follow","max-snippet":"max-snippet:-1","max-image-preview":"max-image-preview:large","max-video-preview":"max-video-preview:-1"},"og_locale":"fr_FR","og_type":"article","og_title":"Charte de qualit\u00e9","og_description":"Bien choisir sa nouvelle cuisine \u00e9quip\u00e9e, c\u2019est important. Proximit\u00e9, comp\u00e9tence, qualit\u00e9, cr\u00e9ativit\u00e9, comp\u00e9titivit\u00e9, \u2026 comment savoir \u00e0 qui confier son projet ? Ne cherchez plus : voici pourquoi vous avez raison de nous faire confiance.","og_url":"https:\/\/eggo-prd-clone.wp1.host\/fr\/charte-de-qualite\/","og_site_name":"Eggo","article_publisher":"https:\/\/www.facebook.com\/eggokitchen","article_modified_time":"2025-07-03T10:28:54+00:00","twitter_card":"summary_large_image","twitter_misc":{"Dur\u00e9e de lecture estim\u00e9e":"1 minute"},"schema":{"@context":"https:\/\/schema.org","@graph":[{"@type":"WebPage","@id":"https:\/\/eggo-prd-clone.wp1.host\/fr\/charte-de-qualite\/","url":"https:\/\/eggo-prd-clone.wp1.host\/fr\/charte-de-qualite\/","name":"Charte de qualit\u00e9 - Eggo - Eggo","isPartOf":{"@id":"https:\/\/eggo-prd-clone.wp1.host\/fr\/#website"},"datePublished":"2025-04-03T16:14:21+00:00","dateModified":"2025-07-03T10:28:54+00:00","description":"Bien choisir sa nouvelle cuisine \u00e9quip\u00e9e, c\u2019est important. Proximit\u00e9, comp\u00e9tence, qualit\u00e9, cr\u00e9ativit\u00e9, comp\u00e9titivit\u00e9, \u2026 comment savoir \u00e0 qui confier son projet ? Ne cherchez plus : voici pourquoi vous avez raison de nous faire confiance.","breadcrumb":{"@id":"https:\/\/eggo-prd-clone.wp1.host\/fr\/charte-de-qualite\/#breadcrumb"},"inLanguage":"fr-FR","potentialAction":[{"@type":"ReadAction","target":["https:\/\/eggo-prd-clone.wp1.host\/fr\/charte-de-qualite\/"]}]},{"@type":"BreadcrumbList","@id":"https:\/\/eggo-prd-clone.wp1.host\/fr\/charte-de-qualite\/#breadcrumb","itemListElement":[{"@type":"ListItem","position":1,"name":"Home","item":"https:\/\/eggo-prd-clone.wp1.host\/fr\/"},{"@type":"ListItem","position":2,"name":"Charte de qualit\u00e9"}]},{"@type":"WebSite","@id":"https:\/\/eggo-prd-clone.wp1.host\/fr\/#website","url":"https:\/\/eggo-prd-clone.wp1.host\/fr\/","name":"\u00e8ggo","description":"","publisher":{"@id":"https:\/\/eggo-prd-clone.wp1.host\/fr\/#organization"},"potentialAction":[{"@type":"SearchAction","target":{"@type":"EntryPoint","urlTemplate":"https:\/\/eggo-prd-clone.wp1.host\/fr\/?s={search_term_string}"},"query-input":{"@type":"PropertyValueSpecification","valueRequired":true,"valueName":"search_term_string"}}],"inLanguage":"fr-FR"},{"@type":["Organization","Place"],"@id":"https:\/\/eggo-prd-clone.wp1.host\/fr\/#organization","name":"\u00e8ggo","alternateName":"eggo","url":"https:\/\/eggo-prd-clone.wp1.host\/fr\/","logo":{"@id":"https:\/\/eggo-prd-clone.wp1.host\/fr\/charte-de-qualite\/#local-main-organization-logo"},"image":{"@id":"https:\/\/eggo-prd-clone.wp1.host\/fr\/charte-de-qualite\/#local-main-organization-logo"},"sameAs":["https:\/\/www.facebook.com\/eggokitchen","https:\/\/www.linkedin.com\/company\/eggo\/"],"description":"Des cuisines et meubles de rangement de qualit\u00e9 \u00e0 des prix avantageux ! D\u00e9couvrez nos mod\u00e8les et prenez rendez-vous en ligne dans votre showroom \u00e8ggo.","telephone":[],"openingHoursSpecification":[{"@type":"OpeningHoursSpecification","dayOfWeek":["Monday","Tuesday","Wednesday","Thursday","Friday","Saturday","Sunday"],"opens":"09:00","closes":"17:00"}]},{"@type":"ImageObject","inLanguage":"fr-FR","@id":"https:\/\/eggo-prd-clone.wp1.host\/fr\/charte-de-qualite\/#local-main-organization-logo","url":"https:\/\/eggo-prd-clone.wp1.host\/wp-content\/uploads\/2025\/01\/Logo.png","contentUrl":"https:\/\/eggo-prd-clone.wp1.host\/wp-content\/uploads\/2025\/01\/Logo.png","width":88,"height":88,"caption":"\u00e8ggo"}]}},"meta_box":{"promotion_toggle":"0","small_featured_promotion_toggle":"0","promotion_icon":[],"promotion_description":"","promotion_period":"","promotion_link":"","promotion_bg_color":"#ffffff","promotion_text_color":"#fe5000","read_more_content":"","catalog_pdf":[]},"_links":{"self":[{"href":"https:\/\/eggo-prd-clone.wp1.host\/fr\/wp-json\/wp\/v2\/pages\/19635","targetHints":{"allow":["GET"]}}],"collection":[{"href":"https:\/\/eggo-prd-clone.wp1.host\/fr\/wp-json\/wp\/v2\/pages"}],"about":[{"href":"https:\/\/eggo-prd-clone.wp1.host\/fr\/wp-json\/wp\/v2\/types\/page"}],"author":[{"embeddable":true,"href":"https:\/\/eggo-prd-clone.wp1.host\/fr\/wp-json\/wp\/v2\/users\/1"}],"replies":[{"embeddable":true,"href":"https:\/\/eggo-prd-clone.wp1.host\/fr\/wp-json\/wp\/v2\/comments?post=19635"}],"version-history":[{"count":44,"href":"https:\/\/eggo-prd-clone.wp1.host\/fr\/wp-json\/wp\/v2\/pages\/19635\/revisions"}],"predecessor-version":[{"id":39041,"href":"https:\/\/eggo-prd-clone.wp1.host\/fr\/wp-json\/wp\/v2\/pages\/19635\/revisions\/39041"}],"wp:attachment":[{"href":"https:\/\/eggo-prd-clone.wp1.host\/fr\/wp-json\/wp\/v2\/media?parent=19635"}],"curies":[{"name":"wp","href":"https:\/\/api.w.org\/{rel}","templated":true}]}}