{"id":25754,"date":"2025-03-09T08:11:56","date_gmt":"2025-03-09T08:11:56","guid":{"rendered":"https:\/\/www.eggo.be\/section-temoignages\/"},"modified":"2025-07-07T12:09:05","modified_gmt":"2025-07-07T12:09:05","slug":"getuigenis","status":"publish","type":"page","link":"https:\/\/eggo-prd-clone.wp1.host\/nl\/getuigenis\/","title":{"rendered":"Section t\u00e9moignages"},"content":{"rendered":"\t\t<div data-elementor-type=\"wp-page\" data-elementor-id=\"25754\" class=\"elementor elementor-25754 elementor-5740\" data-elementor-post-type=\"page\">\n\t\t\t\t<div class=\"elementor-element elementor-element-2aa253f e-flex e-con-boxed e-con e-parent\" data-id=\"2aa253f\" data-element_type=\"container\" data-e-type=\"container\">\n\t\t\t\t\t<div class=\"e-con-inner\">\n\t\t\t\t<div class=\"elementor-element elementor-element-e71951d elementor-widget__width-initial elementor-widget-tablet__width-inherit elementor-widget elementor-widget-heading\" data-id=\"e71951d\" data-element_type=\"widget\" data-e-type=\"widget\" data-widget_type=\"heading.default\">\n\t\t\t\t<div class=\"elementor-widget-container\">\n\t\t\t\t\t<h1 class=\"elementor-heading-title elementor-size-default\">Ontdek onze getuigenis<\/h1>\t\t\t\t<\/div>\n\t\t\t\t<\/div>\n\t\t\t\t<div class=\"elementor-element elementor-element-26cb480 elementor-widget__width-initial elementor-widget-tablet__width-inherit elementor-widget elementor-widget-text-editor\" data-id=\"26cb480\" data-element_type=\"widget\" data-e-type=\"widget\" data-widget_type=\"text-editor.default\">\n\t\t\t\t<div class=\"elementor-widget-container\">\n\t\t\t\t\t\t\t\t\t<p data-start=\"29\" data-end=\"132\">Duik in de ervaringen van onze klanten en ontdek hoe \u00e8ggo hun interieur volledig heeft getransformeerd.<\/p>\t\t\t\t\t\t\t\t<\/div>\n\t\t\t\t<\/div>\n\t\t\t\t<div class=\"elementor-element elementor-element-f714444 elementor-widget elementor-widget-shortcode\" data-id=\"f714444\" data-element_type=\"widget\" data-e-type=\"widget\" data-widget_type=\"shortcode.default\">\n\t\t\t\t<div class=\"elementor-widget-container\">\n\t\t\t\t\t\t\t<div class=\"elementor-shortcode\">    <div class=\"custom-testimonials-container\">\n        <div class=\"testimonials-filters\">\n            <label class=\"filter-label\">\n                        <input id=\"checkbox-cuisine\" name=\"checkbox-cuisine\" type=\"checkbox\" class=\"filter-checkbox\" value=\"cuisine\"> \n                        Cuisine\n                      <\/label><label class=\"filter-label\">\n                        <input id=\"checkbox-dressing\" name=\"checkbox-dressing\" type=\"checkbox\" class=\"filter-checkbox\" value=\"dressing\"> \n                        Dressing\n                      <\/label><label class=\"filter-label\">\n                        <input id=\"checkbox-interieur\" name=\"checkbox-interieur\" type=\"checkbox\" class=\"filter-checkbox\" value=\"interieur\"> \n                        Int\u00e9rieur\n                      <\/label><label class=\"filter-label\">\n                        <input id=\"checkbox-placards\" name=\"checkbox-placards\" type=\"checkbox\" class=\"filter-checkbox\" value=\"placards\"> \n                        Placards\n                      <\/label>        <\/div>\n\n        <!-- Testimonials Posts Wrapper -->\n        <div class=\"posts-con\">\n            <div id=\"testimonials-posts\" class=\"testimonials-posts\"><\/div>\n            <div id=\"modal-loader\"><\/div>\n        <\/div>\n\n        <div class=\"no-posts\" style=\"width: 100%;\">No testimonials found.<\/div>\n        <!-- Load More Button -->\n        <div class=\"load-more-wrapper\">\n            <button id=\"load-more-btn\"\n                style=\"display: block;\">Plus de t\u00e9moignages<\/button>\n        <\/div>\n    <\/div>\n<\/div>\n\t\t\t\t\t\t<\/div>\n\t\t\t\t<\/div>\n\t\t\t\t\t<\/div>\n\t\t\t\t<\/div>\n\t\t<div class=\"elementor-element elementor-element-921e4dc e-flex e-con-boxed e-con e-parent\" data-id=\"921e4dc\" data-element_type=\"container\" data-e-type=\"container\">\n\t\t\t\t\t<div class=\"e-con-inner\">\n\t\t\t\t<div class=\"elementor-element elementor-element-e93104e elementor-widget elementor-widget-image\" data-id=\"e93104e\" data-element_type=\"widget\" data-e-type=\"widget\" data-widget_type=\"image.default\">\n\t\t\t\t<div class=\"elementor-widget-container\">\n\t\t\t\t\t\t\t\t\t\t\t\t\t\t\t<img decoding=\"async\" width=\"150\" height=\"150\" src=\"https:\/\/eggo-prd-clone.wp1.host\/wp-content\/uploads\/2025\/04\/test-cath-1-150x150.jpg\" class=\"attachment-thumbnail size-thumbnail wp-image-22749\" alt=\"Une femme souriante portant une chemise blanche avec le logo \u00e8ggo se tient devant un mur v\u00e9g\u00e9tal avec le logo \u00e8ggo.\" srcset=\"https:\/\/eggo-prd-clone.wp1.host\/wp-content\/uploads\/2025\/04\/test-cath-1-150x150.jpg 150w, https:\/\/eggo-prd-clone.wp1.host\/wp-content\/uploads\/2025\/04\/test-cath-1-300x300.jpg 300w, https:\/\/eggo-prd-clone.wp1.host\/wp-content\/uploads\/2025\/04\/test-cath-1-1024x1024.jpg 1024w, https:\/\/eggo-prd-clone.wp1.host\/wp-content\/uploads\/2025\/04\/test-cath-1-768x768.jpg 768w, https:\/\/eggo-prd-clone.wp1.host\/wp-content\/uploads\/2025\/04\/test-cath-1-184x184.jpg 184w, https:\/\/eggo-prd-clone.wp1.host\/wp-content\/uploads\/2025\/04\/test-cath-1.jpg 1080w\" sizes=\"(max-width: 150px) 100vw, 150px\" \/>\t\t\t\t\t\t\t\t\t\t\t\t\t\t\t<\/div>\n\t\t\t\t<\/div>\n\t\t\t\t<div class=\"elementor-element elementor-element-0853134 elementor-widget__width-initial elementor-widget-tablet__width-inherit elementor-widget elementor-widget-heading\" data-id=\"0853134\" data-element_type=\"widget\" data-e-type=\"widget\" data-widget_type=\"heading.default\">\n\t\t\t\t<div class=\"elementor-widget-container\">\n\t\t\t\t\t<h2 class=\"elementor-heading-title elementor-size-default\">Cre\u00eber vandaag nog je interieur op maat<\/h2>\t\t\t\t<\/div>\n\t\t\t\t<\/div>\n\t\t<div class=\"elementor-element elementor-element-f2fdb79 e-con-full e-flex e-con e-child\" data-id=\"f2fdb79\" data-element_type=\"container\" data-e-type=\"container\">\n\t\t\t\t<div class=\"elementor-element elementor-element-69791c7 elementor-align-justify elementor-widget__width-initial elementor-widget-mobile__width-inherit elementor-widget elementor-widget-button\" data-id=\"69791c7\" data-element_type=\"widget\" data-e-type=\"widget\" data-widget_type=\"button.default\">\n\t\t\t\t<div class=\"elementor-widget-container\">\n\t\t\t\t\t\t\t\t\t<div class=\"elementor-button-wrapper\">\n\t\t\t\t\t<a class=\"elementor-button elementor-button-link elementor-size-sm\" href=\"https:\/\/www.eggo.be\/fr\/showrooms\/\">\n\t\t\t\t\t\t<span class=\"elementor-button-content-wrapper\">\n\t\t\t\t\t\t<span class=\"elementor-button-icon\">\n\t\t\t\t<svg xmlns=\"http:\/\/www.w3.org\/2000\/svg\" width=\"21\" height=\"24\" viewBox=\"0 0 21 24\" fill=\"none\"><g clip-path=\"url(#clip0_2930_55779)\"><path d=\"M10.7219 23.3084C10.5776 23.3085 10.4349 23.2774 10.3037 23.2171C10.1725 23.1569 10.0559 23.0689 9.96193 22.9594L7.99993 20.6684H2.27393C1.74349 20.6684 1.23478 20.4576 0.859712 20.0826C0.484639 19.7075 0.273926 19.1988 0.273926 18.6684V2.69336C0.273926 2.16293 0.484639 1.65422 0.859712 1.27915C1.23478 0.904073 1.74349 0.693359 2.27393 0.693359L18.7259 0.693359C19.2564 0.693359 19.7651 0.904073 20.1401 1.27915C20.5152 1.65422 20.7259 2.16293 20.7259 2.69336V18.6684C20.7259 19.1988 20.5152 19.7075 20.1401 20.0826C19.7651 20.4576 19.2564 20.6684 18.7259 20.6684H13.4449L11.4819 22.9594C11.3879 23.0689 11.2714 23.1569 11.1402 23.2171C11.009 23.2774 10.8663 23.3085 10.7219 23.3084ZM6.14293 10.8854C6.16275 10.973 6.18746 11.0595 6.21693 11.1444C6.35853 11.5999 6.59086 12.022 6.89993 12.3854C7.14641 12.6922 7.43768 12.9602 7.76393 13.1804C8.7414 13.8975 9.93738 14.2534 11.1479 14.1874C11.3479 14.1874 11.5099 14.1814 11.6169 14.1764C14.1799 14.1764 16.7419 11.7064 16.7679 11.6814V10.6434C16.763 10.6491 16.7573 10.6542 16.7509 10.6584C15.8713 11.346 14.9249 11.9436 13.9259 12.4424C13.3946 12.6839 12.8175 12.808 12.2339 12.8064C11.968 12.8082 11.7028 12.7807 11.4429 12.7244C11.8174 12.3897 12.1164 11.9791 12.32 11.52C12.5237 11.0608 12.6273 10.5636 12.6239 10.0614C12.6468 9.16625 12.3139 8.29857 11.6981 7.64851C11.0823 6.99844 10.234 6.61901 9.33893 6.59336C8.44389 6.61901 7.59552 6.99844 6.97976 7.64851C6.36399 8.29857 6.03106 9.16625 6.05393 10.0614C6.05396 10.3387 6.0855 10.6151 6.14793 10.8854H6.14293Z\" fill=\"#FE4F02\"><\/path><\/g><defs><clipPath id=\"clip0_2930_55779\"><rect width=\"20.452\" height=\"22.615\" fill=\"white\" transform=\"translate(0.273926 0.693359)\"><\/rect><\/clipPath><\/defs><\/svg>\t\t\t<\/span>\n\t\t\t\t\t\t\t\t\t<span class=\"elementor-button-text\">Onze showrooms<\/span>\n\t\t\t\t\t<\/span>\n\t\t\t\t\t<\/a>\n\t\t\t\t<\/div>\n\t\t\t\t\t\t\t\t<\/div>\n\t\t\t\t<\/div>\n\t\t\t\t<div class=\"elementor-element elementor-element-382ab54 elementor-align-justify elementor-widget__width-initial elementor-widget-mobile__width-inherit elementor-widget elementor-widget-button\" data-id=\"382ab54\" data-element_type=\"widget\" data-e-type=\"widget\" data-widget_type=\"button.default\">\n\t\t\t\t<div class=\"elementor-widget-container\">\n\t\t\t\t\t\t\t\t\t<div class=\"elementor-button-wrapper\">\n\t\t\t\t\t<a class=\"elementor-button elementor-button-link elementor-size-sm\" href=\"https:\/\/www.eggo.be\/nl\/maak-een-afspraak\/\">\n\t\t\t\t\t\t<span class=\"elementor-button-content-wrapper\">\n\t\t\t\t\t\t<span class=\"elementor-button-icon\">\n\t\t\t\t<svg xmlns=\"http:\/\/www.w3.org\/2000\/svg\" width=\"20\" height=\"22\" viewBox=\"0 0 20 22\" fill=\"none\"><g clip-path=\"url(#clip0_4139_8282)\"><path d=\"M14.75 4.20859H18.55C19.0747 4.20859 19.5 4.63393 19.5 5.15859V20.3586C19.5 20.8833 19.0747 21.3086 18.55 21.3086H1.45C0.925334 21.3086 0.5 20.8833 0.5 20.3586V5.15859C0.5 4.63393 0.925334 4.20859 1.45 4.20859H5.25V2.30859H7.15V4.20859H12.85V2.30859H14.75V4.20859ZM2.4 9.90859V19.4086H17.6V9.90859H2.4ZM4.3 13.7086H9.05V17.5086H4.3V13.7086Z\" fill=\"white\"><\/path><\/g><defs><clipPath id=\"clip0_4139_8282\"><rect width=\"19.319\" height=\"21.305\" fill=\"white\" transform=\"translate(0.5 0.308594)\"><\/rect><\/clipPath><\/defs><\/svg>\t\t\t<\/span>\n\t\t\t\t\t\t\t\t\t<span class=\"elementor-button-text\">Maak een afspraak<\/span>\n\t\t\t\t\t<\/span>\n\t\t\t\t\t<\/a>\n\t\t\t\t<\/div>\n\t\t\t\t\t\t\t\t<\/div>\n\t\t\t\t<\/div>\n\t\t\t\t<\/div>\n\t\t\t\t<div class=\"elementor-element elementor-element-b5a8ef8 elementor-widget__width-initial elementor-widget elementor-widget-text-editor\" data-id=\"b5a8ef8\" data-element_type=\"widget\" data-e-type=\"widget\" data-widget_type=\"text-editor.default\">\n\t\t\t\t<div class=\"elementor-widget-container\">\n\t\t\t\t\t\t\t\t\t<p data-start=\"181\" data-end=\"424\">Hulp nodig bij het inrichten van je interieur? Onze adviseurs staan klaar om je te begeleiden bij elk stap van je project! Afhankelijk van je wensen, je behoeften en de beschikbare ruimte ontwerpen ze samen met jou het interieur van je dromen.<\/p>\t\t\t\t\t\t\t\t<\/div>\n\t\t\t\t<\/div>\n\t\t\t\t\t<\/div>\n\t\t\t\t<\/div>\n\t\t\t\t<\/div>\n\t\t","protected":false},"excerpt":{"rendered":"<p>Ontdek onze getuigenis Duik in de ervaringen van onze klanten en ontdek hoe \u00e8ggo hun interieur volledig heeft getransformeerd. Cre\u00eber vandaag nog je interieur op maat Onze showrooms Maak een afspraak Hulp nodig bij het inrichten van je interieur? Onze adviseurs staan klaar om je te begeleiden bij elk stap van je project! Afhankelijk van [&hellip;]<\/p>\n","protected":false},"author":1,"featured_media":0,"parent":0,"menu_order":0,"comment_status":"closed","ping_status":"closed","template":"","meta":{"footnotes":""},"class_list":["post-25754","page","type-page","status-publish","hentry"],"yoast_head":"<!-- This site is optimized with the Yoast SEO Premium plugin v26.2 (Yoast SEO v26.9) - https:\/\/yoast.com\/product\/yoast-seo-premium-wordpress\/ -->\n<title>Wat onze klanten zeggen - \u00e8ggo<\/title>\n<meta name=\"description\" content=\"Bekijk de inspirerende getuigenissen van onze tevreden klanten. Ontdek hoe \u00e8ggo al hun interieurwensen invulde.\" \/>\n<meta name=\"robots\" content=\"noindex, follow, max-snippet:-1, max-image-preview:large, max-video-preview:-1\" \/>\n<meta property=\"og:locale\" content=\"fr_FR\" \/>\n<meta property=\"og:type\" content=\"article\" \/>\n<meta property=\"og:title\" content=\"Section t\u00e9moignages\" \/>\n<meta property=\"og:description\" content=\"Bekijk de inspirerende getuigenissen van onze tevreden klanten. Ontdek hoe \u00e8ggo al hun interieurwensen invulde.\" \/>\n<meta property=\"og:url\" content=\"https:\/\/eggo-prd-clone.wp1.host\/nl\/getuigenis\/\" \/>\n<meta property=\"og:site_name\" content=\"Eggo\" \/>\n<meta property=\"article:publisher\" content=\"https:\/\/www.facebook.com\/eggokitchen\" \/>\n<meta property=\"article:modified_time\" content=\"2025-07-07T12:09:05+00:00\" \/>\n<meta property=\"og:image\" content=\"https:\/\/eggo-prd-clone.wp1.host\/wp-content\/uploads\/2025\/04\/test-cath-1-150x150.jpg\" \/>\n<meta name=\"twitter:card\" content=\"summary_large_image\" \/>\n<meta name=\"twitter:label1\" content=\"Dur\u00e9e de lecture estim\u00e9e\" \/>\n\t<meta name=\"twitter:data1\" content=\"1 minute\" \/>\n<script type=\"application\/ld+json\" class=\"yoast-schema-graph\">{\"@context\":\"https:\/\/schema.org\",\"@graph\":[{\"@type\":\"WebPage\",\"@id\":\"https:\/\/eggo-prd-clone.wp1.host\/nl\/getuigenis\/\",\"url\":\"https:\/\/eggo-prd-clone.wp1.host\/nl\/getuigenis\/\",\"name\":\"Wat onze klanten zeggen - \u00e8ggo\",\"isPartOf\":{\"@id\":\"https:\/\/eggo-prd-clone.wp1.host\/fr\/#website\"},\"primaryImageOfPage\":{\"@id\":\"https:\/\/eggo-prd-clone.wp1.host\/nl\/getuigenis\/#primaryimage\"},\"image\":{\"@id\":\"https:\/\/eggo-prd-clone.wp1.host\/nl\/getuigenis\/#primaryimage\"},\"thumbnailUrl\":\"https:\/\/eggo-prd-clone.wp1.host\/wp-content\/uploads\/2025\/04\/test-cath-1-150x150.jpg\",\"datePublished\":\"2025-03-09T08:11:56+00:00\",\"dateModified\":\"2025-07-07T12:09:05+00:00\",\"description\":\"Bekijk de inspirerende getuigenissen van onze tevreden klanten. Ontdek hoe \u00e8ggo al hun interieurwensen invulde.\",\"breadcrumb\":{\"@id\":\"https:\/\/eggo-prd-clone.wp1.host\/nl\/getuigenis\/#breadcrumb\"},\"inLanguage\":\"fr-FR\",\"potentialAction\":[{\"@type\":\"ReadAction\",\"target\":[\"https:\/\/eggo-prd-clone.wp1.host\/nl\/getuigenis\/\"]}]},{\"@type\":\"ImageObject\",\"inLanguage\":\"fr-FR\",\"@id\":\"https:\/\/eggo-prd-clone.wp1.host\/nl\/getuigenis\/#primaryimage\",\"url\":\"https:\/\/eggo-prd-clone.wp1.host\/wp-content\/uploads\/2025\/04\/test-cath-1-150x150.jpg\",\"contentUrl\":\"https:\/\/eggo-prd-clone.wp1.host\/wp-content\/uploads\/2025\/04\/test-cath-1-150x150.jpg\"},{\"@type\":\"BreadcrumbList\",\"@id\":\"https:\/\/eggo-prd-clone.wp1.host\/nl\/getuigenis\/#breadcrumb\",\"itemListElement\":[{\"@type\":\"ListItem\",\"position\":1,\"name\":\"Home\",\"item\":\"https:\/\/eggo-prd-clone.wp1.host\/fr\/\"},{\"@type\":\"ListItem\",\"position\":2,\"name\":\"Section t\u00e9moignages\"}]},{\"@type\":\"WebSite\",\"@id\":\"https:\/\/eggo-prd-clone.wp1.host\/fr\/#website\",\"url\":\"https:\/\/eggo-prd-clone.wp1.host\/fr\/\",\"name\":\"\u00e8ggo\",\"description\":\"\",\"publisher\":{\"@id\":\"https:\/\/eggo-prd-clone.wp1.host\/fr\/#organization\"},\"potentialAction\":[{\"@type\":\"SearchAction\",\"target\":{\"@type\":\"EntryPoint\",\"urlTemplate\":\"https:\/\/eggo-prd-clone.wp1.host\/fr\/?s={search_term_string}\"},\"query-input\":{\"@type\":\"PropertyValueSpecification\",\"valueRequired\":true,\"valueName\":\"search_term_string\"}}],\"inLanguage\":\"fr-FR\"},{\"@type\":[\"Organization\",\"Place\"],\"@id\":\"https:\/\/eggo-prd-clone.wp1.host\/fr\/#organization\",\"name\":\"\u00e8ggo\",\"alternateName\":\"eggo\",\"url\":\"https:\/\/eggo-prd-clone.wp1.host\/fr\/\",\"logo\":{\"@id\":\"https:\/\/eggo-prd-clone.wp1.host\/nl\/getuigenis\/#local-main-organization-logo\"},\"image\":{\"@id\":\"https:\/\/eggo-prd-clone.wp1.host\/nl\/getuigenis\/#local-main-organization-logo\"},\"sameAs\":[\"https:\/\/www.facebook.com\/eggokitchen\",\"https:\/\/www.linkedin.com\/company\/eggo\/\"],\"description\":\"Des cuisines et meubles de rangement de qualit\u00e9 \u00e0 des prix avantageux ! D\u00e9couvrez nos mod\u00e8les et prenez rendez-vous en ligne dans votre showroom \u00e8ggo.\",\"telephone\":[],\"openingHoursSpecification\":[{\"@type\":\"OpeningHoursSpecification\",\"dayOfWeek\":[\"Monday\",\"Tuesday\",\"Wednesday\",\"Thursday\",\"Friday\",\"Saturday\",\"Sunday\"],\"opens\":\"09:00\",\"closes\":\"17:00\"}]},{\"@type\":\"ImageObject\",\"inLanguage\":\"fr-FR\",\"@id\":\"https:\/\/eggo-prd-clone.wp1.host\/nl\/getuigenis\/#local-main-organization-logo\",\"url\":\"https:\/\/eggo-prd-clone.wp1.host\/wp-content\/uploads\/2025\/01\/Logo.png\",\"contentUrl\":\"https:\/\/eggo-prd-clone.wp1.host\/wp-content\/uploads\/2025\/01\/Logo.png\",\"width\":88,\"height\":88,\"caption\":\"\u00e8ggo\"}]}<\/script>\n<!-- \/ Yoast SEO Premium plugin. -->","yoast_head_json":{"title":"Wat onze klanten zeggen - \u00e8ggo","description":"Bekijk de inspirerende getuigenissen van onze tevreden klanten. Ontdek hoe \u00e8ggo al hun interieurwensen invulde.","robots":{"index":"noindex","follow":"follow","max-snippet":"max-snippet:-1","max-image-preview":"max-image-preview:large","max-video-preview":"max-video-preview:-1"},"og_locale":"fr_FR","og_type":"article","og_title":"Section t\u00e9moignages","og_description":"Bekijk de inspirerende getuigenissen van onze tevreden klanten. Ontdek hoe \u00e8ggo al hun interieurwensen invulde.","og_url":"https:\/\/eggo-prd-clone.wp1.host\/nl\/getuigenis\/","og_site_name":"Eggo","article_publisher":"https:\/\/www.facebook.com\/eggokitchen","article_modified_time":"2025-07-07T12:09:05+00:00","og_image":[{"url":"https:\/\/eggo-prd-clone.wp1.host\/wp-content\/uploads\/2025\/04\/test-cath-1-150x150.jpg","type":"","width":"","height":""}],"twitter_card":"summary_large_image","twitter_misc":{"Dur\u00e9e de lecture estim\u00e9e":"1 minute"},"schema":{"@context":"https:\/\/schema.org","@graph":[{"@type":"WebPage","@id":"https:\/\/eggo-prd-clone.wp1.host\/nl\/getuigenis\/","url":"https:\/\/eggo-prd-clone.wp1.host\/nl\/getuigenis\/","name":"Wat onze klanten zeggen - \u00e8ggo","isPartOf":{"@id":"https:\/\/eggo-prd-clone.wp1.host\/fr\/#website"},"primaryImageOfPage":{"@id":"https:\/\/eggo-prd-clone.wp1.host\/nl\/getuigenis\/#primaryimage"},"image":{"@id":"https:\/\/eggo-prd-clone.wp1.host\/nl\/getuigenis\/#primaryimage"},"thumbnailUrl":"https:\/\/eggo-prd-clone.wp1.host\/wp-content\/uploads\/2025\/04\/test-cath-1-150x150.jpg","datePublished":"2025-03-09T08:11:56+00:00","dateModified":"2025-07-07T12:09:05+00:00","description":"Bekijk de inspirerende getuigenissen van onze tevreden klanten. Ontdek hoe \u00e8ggo al hun interieurwensen invulde.","breadcrumb":{"@id":"https:\/\/eggo-prd-clone.wp1.host\/nl\/getuigenis\/#breadcrumb"},"inLanguage":"fr-FR","potentialAction":[{"@type":"ReadAction","target":["https:\/\/eggo-prd-clone.wp1.host\/nl\/getuigenis\/"]}]},{"@type":"ImageObject","inLanguage":"fr-FR","@id":"https:\/\/eggo-prd-clone.wp1.host\/nl\/getuigenis\/#primaryimage","url":"https:\/\/eggo-prd-clone.wp1.host\/wp-content\/uploads\/2025\/04\/test-cath-1-150x150.jpg","contentUrl":"https:\/\/eggo-prd-clone.wp1.host\/wp-content\/uploads\/2025\/04\/test-cath-1-150x150.jpg"},{"@type":"BreadcrumbList","@id":"https:\/\/eggo-prd-clone.wp1.host\/nl\/getuigenis\/#breadcrumb","itemListElement":[{"@type":"ListItem","position":1,"name":"Home","item":"https:\/\/eggo-prd-clone.wp1.host\/fr\/"},{"@type":"ListItem","position":2,"name":"Section t\u00e9moignages"}]},{"@type":"WebSite","@id":"https:\/\/eggo-prd-clone.wp1.host\/fr\/#website","url":"https:\/\/eggo-prd-clone.wp1.host\/fr\/","name":"\u00e8ggo","description":"","publisher":{"@id":"https:\/\/eggo-prd-clone.wp1.host\/fr\/#organization"},"potentialAction":[{"@type":"SearchAction","target":{"@type":"EntryPoint","urlTemplate":"https:\/\/eggo-prd-clone.wp1.host\/fr\/?s={search_term_string}"},"query-input":{"@type":"PropertyValueSpecification","valueRequired":true,"valueName":"search_term_string"}}],"inLanguage":"fr-FR"},{"@type":["Organization","Place"],"@id":"https:\/\/eggo-prd-clone.wp1.host\/fr\/#organization","name":"\u00e8ggo","alternateName":"eggo","url":"https:\/\/eggo-prd-clone.wp1.host\/fr\/","logo":{"@id":"https:\/\/eggo-prd-clone.wp1.host\/nl\/getuigenis\/#local-main-organization-logo"},"image":{"@id":"https:\/\/eggo-prd-clone.wp1.host\/nl\/getuigenis\/#local-main-organization-logo"},"sameAs":["https:\/\/www.facebook.com\/eggokitchen","https:\/\/www.linkedin.com\/company\/eggo\/"],"description":"Des cuisines et meubles de rangement de qualit\u00e9 \u00e0 des prix avantageux ! D\u00e9couvrez nos mod\u00e8les et prenez rendez-vous en ligne dans votre showroom \u00e8ggo.","telephone":[],"openingHoursSpecification":[{"@type":"OpeningHoursSpecification","dayOfWeek":["Monday","Tuesday","Wednesday","Thursday","Friday","Saturday","Sunday"],"opens":"09:00","closes":"17:00"}]},{"@type":"ImageObject","inLanguage":"fr-FR","@id":"https:\/\/eggo-prd-clone.wp1.host\/nl\/getuigenis\/#local-main-organization-logo","url":"https:\/\/eggo-prd-clone.wp1.host\/wp-content\/uploads\/2025\/01\/Logo.png","contentUrl":"https:\/\/eggo-prd-clone.wp1.host\/wp-content\/uploads\/2025\/01\/Logo.png","width":88,"height":88,"caption":"\u00e8ggo"}]}},"meta_box":{"promotion_toggle":"0","small_featured_promotion_toggle":"0","promotion_icon":[],"promotion_description":"","promotion_period":"","promotion_link":"","promotion_bg_color":"#ffffff","promotion_text_color":"#fe5000","read_more_content":"","catalog_pdf":[]},"_links":{"self":[{"href":"https:\/\/eggo-prd-clone.wp1.host\/fr\/wp-json\/wp\/v2\/pages\/25754","targetHints":{"allow":["GET"]}}],"collection":[{"href":"https:\/\/eggo-prd-clone.wp1.host\/fr\/wp-json\/wp\/v2\/pages"}],"about":[{"href":"https:\/\/eggo-prd-clone.wp1.host\/fr\/wp-json\/wp\/v2\/types\/page"}],"author":[{"embeddable":true,"href":"https:\/\/eggo-prd-clone.wp1.host\/fr\/wp-json\/wp\/v2\/users\/1"}],"replies":[{"embeddable":true,"href":"https:\/\/eggo-prd-clone.wp1.host\/fr\/wp-json\/wp\/v2\/comments?post=25754"}],"version-history":[{"count":21,"href":"https:\/\/eggo-prd-clone.wp1.host\/fr\/wp-json\/wp\/v2\/pages\/25754\/revisions"}],"predecessor-version":[{"id":39358,"href":"https:\/\/eggo-prd-clone.wp1.host\/fr\/wp-json\/wp\/v2\/pages\/25754\/revisions\/39358"}],"wp:attachment":[{"href":"https:\/\/eggo-prd-clone.wp1.host\/fr\/wp-json\/wp\/v2\/media?parent=25754"}],"curies":[{"name":"wp","href":"https:\/\/api.w.org\/{rel}","templated":true}]}}