{"id":15416,"date":"2025-03-30T19:10:38","date_gmt":"2025-03-30T19:10:38","guid":{"rendered":"https:\/\/www.eggo.be\/mentions-legales\/"},"modified":"2025-05-19T08:54:24","modified_gmt":"2025-05-19T08:54:24","slug":"wettelijke-vermeldingen","status":"publish","type":"page","link":"https:\/\/eggo-prd-clone.wp1.host\/nl\/wettelijke-vermeldingen\/","title":{"rendered":"Mentions l\u00e9gales"},"content":{"rendered":"\t\t<div data-elementor-type=\"wp-page\" data-elementor-id=\"15416\" class=\"elementor elementor-15416 elementor-15333\" data-elementor-post-type=\"page\">\n\t\t\t\t<div class=\"elementor-element elementor-element-4076e01 e-flex e-con-boxed e-con e-parent\" data-id=\"4076e01\" data-element_type=\"container\" data-e-type=\"container\">\n\t\t\t\t\t<div class=\"e-con-inner\">\n\t\t\t\t<div class=\"elementor-element elementor-element-17f21fc elementor-widget elementor-widget-heading\" data-id=\"17f21fc\" data-element_type=\"widget\" data-e-type=\"widget\" data-widget_type=\"heading.default\">\n\t\t\t\t<div class=\"elementor-widget-container\">\n\t\t\t\t\t<h1 class=\"elementor-heading-title elementor-size-default\">Wettelijke vermeldingen<\/h1>\t\t\t\t<\/div>\n\t\t\t\t<\/div>\n\t\t\t\t\t<\/div>\n\t\t\t\t<\/div>\n\t\t<div class=\"elementor-element elementor-element-b9045d1 cgv e-flex e-con-boxed e-con e-parent\" data-id=\"b9045d1\" data-element_type=\"container\" data-e-type=\"container\">\n\t\t\t\t\t<div class=\"e-con-inner\">\n\t\t<div class=\"elementor-element elementor-element-db20828 e-con-full e-flex e-con e-child\" data-id=\"db20828\" data-element_type=\"container\" data-e-type=\"container\">\n\t\t\t\t<div class=\"elementor-element elementor-element-66429c0 elementor-widget elementor-widget-text-editor\" data-id=\"66429c0\" data-element_type=\"widget\" data-e-type=\"widget\" data-widget_type=\"text-editor.default\">\n\t\t\t\t<div class=\"elementor-widget-container\">\n\t\t\t\t\t\t\t\t\t<p><span style=\"font-weight: 400;\">\u00c8ggo en zijn logo zijn gedeponeerde namen en merken van MENATAM nv en worden beschermd door nationale en internationale wetten.<\/span><\/p><p>\u00a0<\/p><p><span style=\"font-weight: 400;\">De teksten en afbeeldingen op de website <\/span><a href=\"http:\/\/www.eggo.be\"><span style=\"font-weight: 400;\">www.eggo.be<\/span><\/a><span style=\"font-weight: 400;\"> zijn onderworpen aan een copyright en de bescherming van het intellectuele eigendom. Ze mogen niet gekopieerd, gewijzigd of in gelijk welke vorm gepubliceerd worden zonder uitdrukkelijke toelating vanwege MENATAM nv.<\/span><\/p><p>\u00a0<\/p><p><span style=\"font-weight: 400;\">MENATAM nv besteedt veel zorg aan de juistheid en de volledigheid van de teksten en afbeeldingen op de website <\/span><a href=\"http:\/\/www.eggo.be\"><span style=\"font-weight: 400;\">www.eggo.be<\/span><\/a><span style=\"font-weight: 400;\">, maar kan niet aansprakelijk worden gesteld voor voor onjuiste of onvolledige informatie. MENATAM nv kan in geen geval aansprakelijk worden gesteld voor eventuele schade te wijten aan de toegang tot en de raadpleging of het gebruik van de informatie op <\/span><a href=\"http:\/\/www.eggo.be\"><span style=\"font-weight: 400;\">www.eggo.be<\/span><\/a><span style=\"font-weight: 400;\">, noch voor het ontbreken ervan.<\/span><\/p><p>\u00a0<\/p><p><span style=\"font-weight: 400;\">De prijzen op <\/span><a href=\"http:\/\/www.eggo.be\"><span style=\"font-weight: 400;\">www.eggo.be<\/span><\/a><span style=\"font-weight: 400;\"> zijn indicatief en kunnen geen enkele verbintenis vanwege MENATAM nv tot stand brengen. De teksten en afbeeldingen die een product beschrijven, zijn niet bindend.<\/span><\/p><p>\u00a0<\/p><p><span style=\"font-weight: 400;\">Toezichthoudende autoriteit: Federale Overheidsdienst Economie, K.M.O., Middenstand en Energie, Economische Inspectie, Koning Albert II-laan 16, 1000 Brussel.<\/span><\/p>\t\t\t\t\t\t\t\t<\/div>\n\t\t\t\t<\/div>\n\t\t\t\t<\/div>\n\t\t\t\t\t<\/div>\n\t\t\t\t<\/div>\n\t\t\t\t<\/div>\n\t\t","protected":false},"excerpt":{"rendered":"<p>Wettelijke vermeldingen \u00c8ggo en zijn logo zijn gedeponeerde namen en merken van MENATAM nv en worden beschermd door nationale en internationale wetten. \u00a0 De teksten en afbeeldingen op de website www.eggo.be zijn onderworpen aan een copyright en de bescherming van het intellectuele eigendom. Ze mogen niet gekopieerd, gewijzigd of in gelijk welke vorm gepubliceerd worden [&hellip;]<\/p>\n","protected":false},"author":1,"featured_media":0,"parent":0,"menu_order":0,"comment_status":"closed","ping_status":"closed","template":"","meta":{"footnotes":""},"class_list":["post-15416","page","type-page","status-publish","hentry"],"yoast_head":"<!-- This site is optimized with the Yoast SEO Premium plugin v26.2 (Yoast SEO v26.9) - https:\/\/yoast.com\/product\/yoast-seo-premium-wordpress\/ -->\n<title>Wettelijke vermeldingen van \u00e8ggo - Eggo<\/title>\n<meta name=\"description\" content=\"Lees de wettelijke vermeldingen van \u00e8ggo voor meer informatie over onze juridische verplichtingen, contactgegevens en het gebruik van de website.\" \/>\n<meta name=\"robots\" content=\"noindex, follow, max-snippet:-1, max-image-preview:large, max-video-preview:-1\" \/>\n<meta property=\"og:locale\" content=\"nl_NL\" \/>\n<meta property=\"og:type\" content=\"article\" \/>\n<meta property=\"og:title\" content=\"Mentions l\u00e9gales\" \/>\n<meta property=\"og:description\" content=\"Lees de wettelijke vermeldingen van \u00e8ggo voor meer informatie over onze juridische verplichtingen, contactgegevens en het gebruik van de website.\" \/>\n<meta property=\"og:url\" content=\"https:\/\/eggo-prd-clone.wp1.host\/nl\/wettelijke-vermeldingen\/\" \/>\n<meta property=\"og:site_name\" content=\"Eggo\" \/>\n<meta property=\"article:publisher\" content=\"https:\/\/www.facebook.com\/eggokitchen\" \/>\n<meta property=\"article:modified_time\" content=\"2025-05-19T08:54:24+00:00\" \/>\n<meta name=\"twitter:card\" content=\"summary_large_image\" \/>\n<meta name=\"twitter:label1\" content=\"Geschatte leestijd\" \/>\n\t<meta name=\"twitter:data1\" content=\"1 minuut\" \/>\n<script type=\"application\/ld+json\" class=\"yoast-schema-graph\">{\"@context\":\"https:\/\/schema.org\",\"@graph\":[{\"@type\":\"WebPage\",\"@id\":\"https:\/\/eggo-prd-clone.wp1.host\/nl\/wettelijke-vermeldingen\/\",\"url\":\"https:\/\/eggo-prd-clone.wp1.host\/nl\/wettelijke-vermeldingen\/\",\"name\":\"Wettelijke vermeldingen van \u00e8ggo - Eggo\",\"isPartOf\":{\"@id\":\"https:\/\/eggo-prd-clone.wp1.host\/nl\/#website\"},\"datePublished\":\"2025-03-30T19:10:38+00:00\",\"dateModified\":\"2025-05-19T08:54:24+00:00\",\"description\":\"Lees de wettelijke vermeldingen van \u00e8ggo voor meer informatie over onze juridische verplichtingen, contactgegevens en het gebruik van de website.\",\"breadcrumb\":{\"@id\":\"https:\/\/eggo-prd-clone.wp1.host\/nl\/wettelijke-vermeldingen\/#breadcrumb\"},\"inLanguage\":\"nl-NL\",\"potentialAction\":[{\"@type\":\"ReadAction\",\"target\":[\"https:\/\/eggo-prd-clone.wp1.host\/nl\/wettelijke-vermeldingen\/\"]}]},{\"@type\":\"BreadcrumbList\",\"@id\":\"https:\/\/eggo-prd-clone.wp1.host\/nl\/wettelijke-vermeldingen\/#breadcrumb\",\"itemListElement\":[{\"@type\":\"ListItem\",\"position\":1,\"name\":\"Home\",\"item\":\"https:\/\/eggo-prd-clone.wp1.host\/nl\/\"},{\"@type\":\"ListItem\",\"position\":2,\"name\":\"Mentions l\u00e9gales\"}]},{\"@type\":\"WebSite\",\"@id\":\"https:\/\/eggo-prd-clone.wp1.host\/nl\/#website\",\"url\":\"https:\/\/eggo-prd-clone.wp1.host\/nl\/\",\"name\":\"\u00e8ggo\",\"description\":\"\",\"publisher\":{\"@id\":\"https:\/\/eggo-prd-clone.wp1.host\/nl\/#organization\"},\"potentialAction\":[{\"@type\":\"SearchAction\",\"target\":{\"@type\":\"EntryPoint\",\"urlTemplate\":\"https:\/\/eggo-prd-clone.wp1.host\/nl\/?s={search_term_string}\"},\"query-input\":{\"@type\":\"PropertyValueSpecification\",\"valueRequired\":true,\"valueName\":\"search_term_string\"}}],\"inLanguage\":\"nl-NL\"},{\"@type\":[\"Organization\",\"Place\"],\"@id\":\"https:\/\/eggo-prd-clone.wp1.host\/nl\/#organization\",\"name\":\"\u00e8ggo\",\"alternateName\":\"eggo\",\"url\":\"https:\/\/eggo-prd-clone.wp1.host\/nl\/\",\"logo\":{\"@id\":\"https:\/\/eggo-prd-clone.wp1.host\/nl\/wettelijke-vermeldingen\/#local-main-organization-logo\"},\"image\":{\"@id\":\"https:\/\/eggo-prd-clone.wp1.host\/nl\/wettelijke-vermeldingen\/#local-main-organization-logo\"},\"sameAs\":[\"https:\/\/www.facebook.com\/eggokitchen\",\"https:\/\/www.linkedin.com\/company\/eggo\/\"],\"description\":\"Des cuisines et meubles de rangement de qualit\u00e9 \u00e0 des prix avantageux ! D\u00e9couvrez nos mod\u00e8les et prenez rendez-vous en ligne dans votre showroom \u00e8ggo.\",\"telephone\":[],\"openingHoursSpecification\":[{\"@type\":\"OpeningHoursSpecification\",\"dayOfWeek\":[\"Monday\",\"Tuesday\",\"Wednesday\",\"Thursday\",\"Friday\",\"Saturday\",\"Sunday\"],\"opens\":\"09:00\",\"closes\":\"17:00\"}]},{\"@type\":\"ImageObject\",\"inLanguage\":\"nl-NL\",\"@id\":\"https:\/\/eggo-prd-clone.wp1.host\/nl\/wettelijke-vermeldingen\/#local-main-organization-logo\",\"url\":\"https:\/\/eggo-prd-clone.wp1.host\/wp-content\/uploads\/2025\/01\/Logo.png\",\"contentUrl\":\"https:\/\/eggo-prd-clone.wp1.host\/wp-content\/uploads\/2025\/01\/Logo.png\",\"width\":88,\"height\":88,\"caption\":\"\u00e8ggo\"}]}<\/script>\n<!-- \/ Yoast SEO Premium plugin. -->","yoast_head_json":{"title":"Wettelijke vermeldingen van \u00e8ggo - Eggo","description":"Lees de wettelijke vermeldingen van \u00e8ggo voor meer informatie over onze juridische verplichtingen, contactgegevens en het gebruik van de website.","robots":{"index":"noindex","follow":"follow","max-snippet":"max-snippet:-1","max-image-preview":"max-image-preview:large","max-video-preview":"max-video-preview:-1"},"og_locale":"nl_NL","og_type":"article","og_title":"Mentions l\u00e9gales","og_description":"Lees de wettelijke vermeldingen van \u00e8ggo voor meer informatie over onze juridische verplichtingen, contactgegevens en het gebruik van de website.","og_url":"https:\/\/eggo-prd-clone.wp1.host\/nl\/wettelijke-vermeldingen\/","og_site_name":"Eggo","article_publisher":"https:\/\/www.facebook.com\/eggokitchen","article_modified_time":"2025-05-19T08:54:24+00:00","twitter_card":"summary_large_image","twitter_misc":{"Geschatte leestijd":"1 minuut"},"schema":{"@context":"https:\/\/schema.org","@graph":[{"@type":"WebPage","@id":"https:\/\/eggo-prd-clone.wp1.host\/nl\/wettelijke-vermeldingen\/","url":"https:\/\/eggo-prd-clone.wp1.host\/nl\/wettelijke-vermeldingen\/","name":"Wettelijke vermeldingen van \u00e8ggo - Eggo","isPartOf":{"@id":"https:\/\/eggo-prd-clone.wp1.host\/nl\/#website"},"datePublished":"2025-03-30T19:10:38+00:00","dateModified":"2025-05-19T08:54:24+00:00","description":"Lees de wettelijke vermeldingen van \u00e8ggo voor meer informatie over onze juridische verplichtingen, contactgegevens en het gebruik van de website.","breadcrumb":{"@id":"https:\/\/eggo-prd-clone.wp1.host\/nl\/wettelijke-vermeldingen\/#breadcrumb"},"inLanguage":"nl-NL","potentialAction":[{"@type":"ReadAction","target":["https:\/\/eggo-prd-clone.wp1.host\/nl\/wettelijke-vermeldingen\/"]}]},{"@type":"BreadcrumbList","@id":"https:\/\/eggo-prd-clone.wp1.host\/nl\/wettelijke-vermeldingen\/#breadcrumb","itemListElement":[{"@type":"ListItem","position":1,"name":"Home","item":"https:\/\/eggo-prd-clone.wp1.host\/nl\/"},{"@type":"ListItem","position":2,"name":"Mentions l\u00e9gales"}]},{"@type":"WebSite","@id":"https:\/\/eggo-prd-clone.wp1.host\/nl\/#website","url":"https:\/\/eggo-prd-clone.wp1.host\/nl\/","name":"\u00e8ggo","description":"","publisher":{"@id":"https:\/\/eggo-prd-clone.wp1.host\/nl\/#organization"},"potentialAction":[{"@type":"SearchAction","target":{"@type":"EntryPoint","urlTemplate":"https:\/\/eggo-prd-clone.wp1.host\/nl\/?s={search_term_string}"},"query-input":{"@type":"PropertyValueSpecification","valueRequired":true,"valueName":"search_term_string"}}],"inLanguage":"nl-NL"},{"@type":["Organization","Place"],"@id":"https:\/\/eggo-prd-clone.wp1.host\/nl\/#organization","name":"\u00e8ggo","alternateName":"eggo","url":"https:\/\/eggo-prd-clone.wp1.host\/nl\/","logo":{"@id":"https:\/\/eggo-prd-clone.wp1.host\/nl\/wettelijke-vermeldingen\/#local-main-organization-logo"},"image":{"@id":"https:\/\/eggo-prd-clone.wp1.host\/nl\/wettelijke-vermeldingen\/#local-main-organization-logo"},"sameAs":["https:\/\/www.facebook.com\/eggokitchen","https:\/\/www.linkedin.com\/company\/eggo\/"],"description":"Des cuisines et meubles de rangement de qualit\u00e9 \u00e0 des prix avantageux ! D\u00e9couvrez nos mod\u00e8les et prenez rendez-vous en ligne dans votre showroom \u00e8ggo.","telephone":[],"openingHoursSpecification":[{"@type":"OpeningHoursSpecification","dayOfWeek":["Monday","Tuesday","Wednesday","Thursday","Friday","Saturday","Sunday"],"opens":"09:00","closes":"17:00"}]},{"@type":"ImageObject","inLanguage":"nl-NL","@id":"https:\/\/eggo-prd-clone.wp1.host\/nl\/wettelijke-vermeldingen\/#local-main-organization-logo","url":"https:\/\/eggo-prd-clone.wp1.host\/wp-content\/uploads\/2025\/01\/Logo.png","contentUrl":"https:\/\/eggo-prd-clone.wp1.host\/wp-content\/uploads\/2025\/01\/Logo.png","width":88,"height":88,"caption":"\u00e8ggo"}]}},"meta_box":{"promotion_toggle":"0","small_featured_promotion_toggle":"0","promotion_icon":[],"promotion_description":"","promotion_period":"","promotion_link":"","promotion_bg_color":"#ffffff","promotion_text_color":"#fe5000","read_more_content":"","catalog_pdf":[]},"_links":{"self":[{"href":"https:\/\/eggo-prd-clone.wp1.host\/nl\/wp-json\/wp\/v2\/pages\/15416","targetHints":{"allow":["GET"]}}],"collection":[{"href":"https:\/\/eggo-prd-clone.wp1.host\/nl\/wp-json\/wp\/v2\/pages"}],"about":[{"href":"https:\/\/eggo-prd-clone.wp1.host\/nl\/wp-json\/wp\/v2\/types\/page"}],"author":[{"embeddable":true,"href":"https:\/\/eggo-prd-clone.wp1.host\/nl\/wp-json\/wp\/v2\/users\/1"}],"replies":[{"embeddable":true,"href":"https:\/\/eggo-prd-clone.wp1.host\/nl\/wp-json\/wp\/v2\/comments?post=15416"}],"version-history":[{"count":17,"href":"https:\/\/eggo-prd-clone.wp1.host\/nl\/wp-json\/wp\/v2\/pages\/15416\/revisions"}],"predecessor-version":[{"id":25717,"href":"https:\/\/eggo-prd-clone.wp1.host\/nl\/wp-json\/wp\/v2\/pages\/15416\/revisions\/25717"}],"wp:attachment":[{"href":"https:\/\/eggo-prd-clone.wp1.host\/nl\/wp-json\/wp\/v2\/media?parent=15416"}],"curies":[{"name":"wp","href":"https:\/\/api.w.org\/{rel}","templated":true}]}}