{"id":25479,"date":"2025-03-13T08:16:44","date_gmt":"2025-03-13T08:16:44","guid":{"rendered":"https:\/\/www.eggo.be\/er-is-altijd-een\/"},"modified":"2025-11-24T15:44:23","modified_gmt":"2025-11-24T15:44:23","slug":"onze-showrooms","status":"publish","type":"page","link":"https:\/\/eggo-prd-clone.wp1.host\/nl\/onze-showrooms\/","title":{"rendered":"Showrooms"},"content":{"rendered":"\t\t<div data-elementor-type=\"wp-page\" data-elementor-id=\"25479\" class=\"elementor elementor-25479 elementor-6423\" data-elementor-post-type=\"page\">\n\t\t\t\t<div class=\"elementor-element elementor-element-790db569 elementor-hidden-mobile e-flex e-con-boxed e-con e-parent\" data-id=\"790db569\" data-element_type=\"container\" data-e-type=\"container\">\n\t\t\t\t\t<div class=\"e-con-inner\">\n\t\t\t\t<div class=\"elementor-element elementor-element-33f684c5 elementor-widget__width-initial elementor-widget-tablet__width-inherit elementor-widget elementor-widget-heading\" data-id=\"33f684c5\" data-element_type=\"widget\" data-e-type=\"widget\" data-widget_type=\"heading.default\">\n\t\t\t\t<div class=\"elementor-widget-container\">\n\t\t\t\t\t<h1 class=\"elementor-heading-title elementor-size-default\">Er is altijd een \n\u00e8ggo keukenwinkel in uw buurt<\/h1>\t\t\t\t<\/div>\n\t\t\t\t<\/div>\n\t\t\t\t<div class=\"elementor-element elementor-element-1566962f elementor-widget__width-initial elementor-widget-tablet__width-inherit elementor-widget elementor-widget-text-editor\" data-id=\"1566962f\" data-element_type=\"widget\" data-e-type=\"widget\" data-widget_type=\"text-editor.default\">\n\t\t\t\t<div class=\"elementor-widget-container\">\n\t\t\t\t\t\t\t\t\t<p>Dankzij ons uitgebreid netwerk van meer dan 52 keukenwinkels met showroom verspreid over de verschillende provincies in Belgi\u00eb (we zijn aanwezig in de provincies Vlaams-Brabant, West-Vlaanderen, Limburg, Oost-Vlaanderen, Brussel, Antwerpen, Waals-Brabant, Henegouwen, Luik en Namen), vind je zeker en vast \u00e8ggo advies voor je nieuwe keuken of dressing in je buurt.<\/p>\t\t\t\t\t\t\t\t<\/div>\n\t\t\t\t<\/div>\n\t\t\t\t\t<\/div>\n\t\t\t\t<\/div>\n\t\t<div class=\"elementor-element elementor-element-cd6c0dd e-con-full e-flex e-con e-parent\" data-id=\"cd6c0dd\" data-element_type=\"container\" data-e-type=\"container\">\n\t\t\t\t<div class=\"elementor-element elementor-element-fcbb2bb elementor-widget elementor-widget-shortcode\" data-id=\"fcbb2bb\" data-element_type=\"widget\" data-e-type=\"widget\" data-widget_type=\"shortcode.default\">\n\t\t\t\t<div class=\"elementor-widget-container\">\n\t\t\t\t\t\t\t<div class=\"elementor-shortcode\">    <div id=\"showroom-container\">\n        <div class=\"showroom-selection-modal\">\n            <h3 class=\"showrooms-modal-title\">Zoek een showroom<\/h3>\n            <div class=\"filter-div\">\n                <div class=\"search-wrapper\">\n                    <span class=\"search-icon\">\n                        <svg xmlns=\"http:\/\/www.w3.org\/2000\/svg\" width=\"20\" height=\"20\" viewBox=\"0 0 20 20\" fill=\"none\">\n                            <path d=\"M15.0252 13.8486L18.5941 17.4176L17.4156 18.5961L13.8467 15.0271C12.5634 16.0538 10.936 16.668 9.16602 16.668C5.02602 16.668 1.66602 13.308 1.66602 9.16797C1.66602 5.02797 5.02602 1.66797 9.16602 1.66797C13.306 1.66797 16.666 5.02797 16.666 9.16797C16.666 10.938 16.0518 12.5654 15.0252 13.8486ZM13.3533 13.2303C14.3723 12.1801 14.9993 10.7476 14.9993 9.16797C14.9993 5.94505 12.3889 3.33464 9.16602 3.33464C5.9431 3.33464 3.33268 5.94505 3.33268 9.16797C3.33268 12.3909 5.9431 15.0013 9.16602 15.0013C10.7457 15.0013 12.1782 14.3742 13.2283 13.3552L13.3533 13.2303Z\"\n                                fill=\"#6E6809\" \/>\n                        <\/svg>\n                    <\/span>\n                    <input type=\"text\" id=\"showroom-search\"\n                        placeholder=\"Postcode of plaats\">\n                    <span class=\"submit-icon\">\n                        <svg width=\"16\" height=\"16\" viewBox=\"0 0 16 16\" fill=\"none\" xmlns=\"http:\/\/www.w3.org\/2000\/svg\">\n                            <path d=\"M12.1716 7.00088L6.8076 1.63687L8.2218 0.222656L16 8.00088L8.2218 15.779L6.8076 14.3648L12.1716 9.00088H0V7.00088H12.1716Z\"\n                                fill=\"#FE5000\" \/>\n                        <\/svg>\n                    <\/span>\n                <\/div>\n                <button id=\"my-location-btn\">\n                    <span class=\"svg-locator\">\n                        <svg xmlns=\"http:\/\/www.w3.org\/2000\/svg\" width=\"24\" height=\"24\" viewBox=\"0 0 24 24\" fill=\"none\">\n                            <path d=\"M13 1L13.001 4.06201C16.6192 4.51365 19.4869 7.38163 19.9381 11H23V13L19.938 13.001C19.4864 16.6189 16.6189 19.4864 13.001 19.938L13 23H11V19.9381C7.38163 19.4869 4.51365 16.6192 4.06201 13.001L1 13V11H4.06189C4.51312 7.38129 7.38129 4.51312 11 4.06189V1H13ZM12 6C8.68629 6 6 8.68629 6 12C6 15.3137 8.68629 18 12 18C15.3137 18 18 15.3137 18 12C18 8.68629 15.3137 6 12 6ZM12 10C13.1046 10 14 10.8954 14 12C14 13.1046 13.1046 14 12 14C10.8954 14 10 13.1046 10 12C10 10.8954 10.8954 10 12 10Z\"\n                                fill=\"white\" \/>\n                        <\/svg>\n                    <\/span>\n                    <span class=\"location-btn-text\">Localiseer mij <\/span>\n                <\/button>\n            <\/div>\n\n            <!-- Toggle Buttons for Mobile -->\n            <div class=\"toggle-buttons\">\n                <button id=\"show-list-btn\"\n                    class=\"toggle-btn active\">Lijst<\/button>\n                <button id=\"show-map-btn\" class=\"toggle-btn\">Kaart<\/button>\n            <\/div>\n\n            <div id=\"showroom-list\"><\/div>\n        <\/div>\n        <div id=\"eggo-map\" style=\"height: 777px; width:100%;\"><\/div>\n    <\/div>\n<\/div>\n\t\t\t\t\t\t<\/div>\n\t\t\t\t<\/div>\n\t\t\t\t<\/div>\n\t\t\t\t<\/div>\n\t\t","protected":false},"excerpt":{"rendered":"<p>Er is altijd een \u00e8ggo keukenwinkel in uw buurt Dankzij ons uitgebreid netwerk van meer dan 52 keukenwinkels met showroom verspreid over de verschillende provincies in Belgi\u00eb (we zijn aanwezig in de provincies Vlaams-Brabant, West-Vlaanderen, Limburg, Oost-Vlaanderen, Brussel, Antwerpen, Waals-Brabant, Henegouwen, Luik en Namen), vind je zeker en vast \u00e8ggo advies voor je nieuwe keuken [&hellip;]<\/p>\n","protected":false},"author":1,"featured_media":0,"parent":0,"menu_order":0,"comment_status":"closed","ping_status":"closed","template":"","meta":{"footnotes":""},"class_list":["post-25479","page","type-page","status-publish","hentry"],"yoast_head":"<!-- This site is optimized with the Yoast SEO Premium plugin v26.2 (Yoast SEO v26.9) - https:\/\/yoast.com\/product\/yoast-seo-premium-wordpress\/ -->\n<title>Keukenwinkels - Vind een Eggo keukenspecialist in jouw regio<\/title>\n<meta name=\"description\" content=\"Ben je op zoek naar een keukenwinkel? Vind een Eggo keukenspecialist in jouw regio. \u25baverschillende stijlen \u25ba gratis 3D ontwerp \u25bamaatwerk\" \/>\n<meta name=\"robots\" content=\"noindex, follow, max-snippet:-1, max-image-preview:large, max-video-preview:-1\" \/>\n<meta property=\"og:locale\" content=\"nl_NL\" \/>\n<meta property=\"og:type\" content=\"article\" \/>\n<meta property=\"og:title\" content=\"Showrooms\" \/>\n<meta property=\"og:description\" content=\"Ben je op zoek naar een keukenwinkel? Vind een Eggo keukenspecialist in jouw regio. \u25baverschillende stijlen \u25ba gratis 3D ontwerp \u25bamaatwerk\" \/>\n<meta property=\"og:url\" content=\"https:\/\/eggo-prd-clone.wp1.host\/nl\/onze-showrooms\/\" \/>\n<meta property=\"og:site_name\" content=\"Eggo\" \/>\n<meta property=\"article:publisher\" content=\"https:\/\/www.facebook.com\/eggokitchen\" \/>\n<meta property=\"article:modified_time\" content=\"2025-11-24T15:44:23+00:00\" \/>\n<meta name=\"twitter:card\" content=\"summary_large_image\" \/>\n<meta name=\"twitter:label1\" content=\"Geschatte leestijd\" \/>\n\t<meta name=\"twitter:data1\" content=\"1 minuut\" \/>\n<script type=\"application\/ld+json\" class=\"yoast-schema-graph\">{\"@context\":\"https:\/\/schema.org\",\"@graph\":[{\"@type\":\"WebPage\",\"@id\":\"https:\/\/eggo-prd-clone.wp1.host\/nl\/onze-showrooms\/\",\"url\":\"https:\/\/eggo-prd-clone.wp1.host\/nl\/onze-showrooms\/\",\"name\":\"Keukenwinkels - Vind een Eggo keukenspecialist in jouw regio\",\"isPartOf\":{\"@id\":\"https:\/\/eggo-prd-clone.wp1.host\/nl\/#website\"},\"datePublished\":\"2025-03-13T08:16:44+00:00\",\"dateModified\":\"2025-11-24T15:44:23+00:00\",\"description\":\"Ben je op zoek naar een keukenwinkel? Vind een Eggo keukenspecialist in jouw regio. \u25baverschillende stijlen \u25ba gratis 3D ontwerp \u25bamaatwerk\",\"breadcrumb\":{\"@id\":\"https:\/\/eggo-prd-clone.wp1.host\/nl\/onze-showrooms\/#breadcrumb\"},\"inLanguage\":\"nl-NL\",\"potentialAction\":[{\"@type\":\"ReadAction\",\"target\":[\"https:\/\/eggo-prd-clone.wp1.host\/nl\/onze-showrooms\/\"]}]},{\"@type\":\"BreadcrumbList\",\"@id\":\"https:\/\/eggo-prd-clone.wp1.host\/nl\/onze-showrooms\/#breadcrumb\",\"itemListElement\":[{\"@type\":\"ListItem\",\"position\":1,\"name\":\"Home\",\"item\":\"https:\/\/eggo-prd-clone.wp1.host\/nl\/\"},{\"@type\":\"ListItem\",\"position\":2,\"name\":\"Showrooms\"}]},{\"@type\":\"WebSite\",\"@id\":\"https:\/\/eggo-prd-clone.wp1.host\/nl\/#website\",\"url\":\"https:\/\/eggo-prd-clone.wp1.host\/nl\/\",\"name\":\"\u00e8ggo\",\"description\":\"\",\"publisher\":{\"@id\":\"https:\/\/eggo-prd-clone.wp1.host\/nl\/#organization\"},\"potentialAction\":[{\"@type\":\"SearchAction\",\"target\":{\"@type\":\"EntryPoint\",\"urlTemplate\":\"https:\/\/eggo-prd-clone.wp1.host\/nl\/?s={search_term_string}\"},\"query-input\":{\"@type\":\"PropertyValueSpecification\",\"valueRequired\":true,\"valueName\":\"search_term_string\"}}],\"inLanguage\":\"nl-NL\"},{\"@type\":[\"Organization\",\"Place\"],\"@id\":\"https:\/\/eggo-prd-clone.wp1.host\/nl\/#organization\",\"name\":\"\u00e8ggo\",\"alternateName\":\"eggo\",\"url\":\"https:\/\/eggo-prd-clone.wp1.host\/nl\/\",\"logo\":{\"@id\":\"https:\/\/eggo-prd-clone.wp1.host\/nl\/onze-showrooms\/#local-main-organization-logo\"},\"image\":{\"@id\":\"https:\/\/eggo-prd-clone.wp1.host\/nl\/onze-showrooms\/#local-main-organization-logo\"},\"sameAs\":[\"https:\/\/www.facebook.com\/eggokitchen\",\"https:\/\/www.linkedin.com\/company\/eggo\/\"],\"description\":\"Des cuisines et meubles de rangement de qualit\u00e9 \u00e0 des prix avantageux ! D\u00e9couvrez nos mod\u00e8les et prenez rendez-vous en ligne dans votre showroom \u00e8ggo.\",\"telephone\":[],\"openingHoursSpecification\":[{\"@type\":\"OpeningHoursSpecification\",\"dayOfWeek\":[\"Monday\",\"Tuesday\",\"Wednesday\",\"Thursday\",\"Friday\",\"Saturday\",\"Sunday\"],\"opens\":\"09:00\",\"closes\":\"17:00\"}]},{\"@type\":\"ImageObject\",\"inLanguage\":\"nl-NL\",\"@id\":\"https:\/\/eggo-prd-clone.wp1.host\/nl\/onze-showrooms\/#local-main-organization-logo\",\"url\":\"https:\/\/eggo-prd-clone.wp1.host\/wp-content\/uploads\/2025\/01\/Logo.png\",\"contentUrl\":\"https:\/\/eggo-prd-clone.wp1.host\/wp-content\/uploads\/2025\/01\/Logo.png\",\"width\":88,\"height\":88,\"caption\":\"\u00e8ggo\"}]}<\/script>\n<!-- \/ Yoast SEO Premium plugin. -->","yoast_head_json":{"title":"Keukenwinkels - Vind een Eggo keukenspecialist in jouw regio","description":"Ben je op zoek naar een keukenwinkel? Vind een Eggo keukenspecialist in jouw regio. \u25baverschillende stijlen \u25ba gratis 3D ontwerp \u25bamaatwerk","robots":{"index":"noindex","follow":"follow","max-snippet":"max-snippet:-1","max-image-preview":"max-image-preview:large","max-video-preview":"max-video-preview:-1"},"og_locale":"nl_NL","og_type":"article","og_title":"Showrooms","og_description":"Ben je op zoek naar een keukenwinkel? Vind een Eggo keukenspecialist in jouw regio. \u25baverschillende stijlen \u25ba gratis 3D ontwerp \u25bamaatwerk","og_url":"https:\/\/eggo-prd-clone.wp1.host\/nl\/onze-showrooms\/","og_site_name":"Eggo","article_publisher":"https:\/\/www.facebook.com\/eggokitchen","article_modified_time":"2025-11-24T15:44:23+00:00","twitter_card":"summary_large_image","twitter_misc":{"Geschatte leestijd":"1 minuut"},"schema":{"@context":"https:\/\/schema.org","@graph":[{"@type":"WebPage","@id":"https:\/\/eggo-prd-clone.wp1.host\/nl\/onze-showrooms\/","url":"https:\/\/eggo-prd-clone.wp1.host\/nl\/onze-showrooms\/","name":"Keukenwinkels - Vind een Eggo keukenspecialist in jouw regio","isPartOf":{"@id":"https:\/\/eggo-prd-clone.wp1.host\/nl\/#website"},"datePublished":"2025-03-13T08:16:44+00:00","dateModified":"2025-11-24T15:44:23+00:00","description":"Ben je op zoek naar een keukenwinkel? Vind een Eggo keukenspecialist in jouw regio. \u25baverschillende stijlen \u25ba gratis 3D ontwerp \u25bamaatwerk","breadcrumb":{"@id":"https:\/\/eggo-prd-clone.wp1.host\/nl\/onze-showrooms\/#breadcrumb"},"inLanguage":"nl-NL","potentialAction":[{"@type":"ReadAction","target":["https:\/\/eggo-prd-clone.wp1.host\/nl\/onze-showrooms\/"]}]},{"@type":"BreadcrumbList","@id":"https:\/\/eggo-prd-clone.wp1.host\/nl\/onze-showrooms\/#breadcrumb","itemListElement":[{"@type":"ListItem","position":1,"name":"Home","item":"https:\/\/eggo-prd-clone.wp1.host\/nl\/"},{"@type":"ListItem","position":2,"name":"Showrooms"}]},{"@type":"WebSite","@id":"https:\/\/eggo-prd-clone.wp1.host\/nl\/#website","url":"https:\/\/eggo-prd-clone.wp1.host\/nl\/","name":"\u00e8ggo","description":"","publisher":{"@id":"https:\/\/eggo-prd-clone.wp1.host\/nl\/#organization"},"potentialAction":[{"@type":"SearchAction","target":{"@type":"EntryPoint","urlTemplate":"https:\/\/eggo-prd-clone.wp1.host\/nl\/?s={search_term_string}"},"query-input":{"@type":"PropertyValueSpecification","valueRequired":true,"valueName":"search_term_string"}}],"inLanguage":"nl-NL"},{"@type":["Organization","Place"],"@id":"https:\/\/eggo-prd-clone.wp1.host\/nl\/#organization","name":"\u00e8ggo","alternateName":"eggo","url":"https:\/\/eggo-prd-clone.wp1.host\/nl\/","logo":{"@id":"https:\/\/eggo-prd-clone.wp1.host\/nl\/onze-showrooms\/#local-main-organization-logo"},"image":{"@id":"https:\/\/eggo-prd-clone.wp1.host\/nl\/onze-showrooms\/#local-main-organization-logo"},"sameAs":["https:\/\/www.facebook.com\/eggokitchen","https:\/\/www.linkedin.com\/company\/eggo\/"],"description":"Des cuisines et meubles de rangement de qualit\u00e9 \u00e0 des prix avantageux ! D\u00e9couvrez nos mod\u00e8les et prenez rendez-vous en ligne dans votre showroom \u00e8ggo.","telephone":[],"openingHoursSpecification":[{"@type":"OpeningHoursSpecification","dayOfWeek":["Monday","Tuesday","Wednesday","Thursday","Friday","Saturday","Sunday"],"opens":"09:00","closes":"17:00"}]},{"@type":"ImageObject","inLanguage":"nl-NL","@id":"https:\/\/eggo-prd-clone.wp1.host\/nl\/onze-showrooms\/#local-main-organization-logo","url":"https:\/\/eggo-prd-clone.wp1.host\/wp-content\/uploads\/2025\/01\/Logo.png","contentUrl":"https:\/\/eggo-prd-clone.wp1.host\/wp-content\/uploads\/2025\/01\/Logo.png","width":88,"height":88,"caption":"\u00e8ggo"}]}},"meta_box":{"promotion_toggle":"0","small_featured_promotion_toggle":"0","promotion_icon":[],"promotion_description":"","promotion_period":"","promotion_link":"","promotion_bg_color":"#ffffff","promotion_text_color":"#fe5000","read_more_content":"","catalog_pdf":[]},"_links":{"self":[{"href":"https:\/\/eggo-prd-clone.wp1.host\/nl\/wp-json\/wp\/v2\/pages\/25479","targetHints":{"allow":["GET"]}}],"collection":[{"href":"https:\/\/eggo-prd-clone.wp1.host\/nl\/wp-json\/wp\/v2\/pages"}],"about":[{"href":"https:\/\/eggo-prd-clone.wp1.host\/nl\/wp-json\/wp\/v2\/types\/page"}],"author":[{"embeddable":true,"href":"https:\/\/eggo-prd-clone.wp1.host\/nl\/wp-json\/wp\/v2\/users\/1"}],"replies":[{"embeddable":true,"href":"https:\/\/eggo-prd-clone.wp1.host\/nl\/wp-json\/wp\/v2\/comments?post=25479"}],"version-history":[{"count":25,"href":"https:\/\/eggo-prd-clone.wp1.host\/nl\/wp-json\/wp\/v2\/pages\/25479\/revisions"}],"predecessor-version":[{"id":44703,"href":"https:\/\/eggo-prd-clone.wp1.host\/nl\/wp-json\/wp\/v2\/pages\/25479\/revisions\/44703"}],"wp:attachment":[{"href":"https:\/\/eggo-prd-clone.wp1.host\/nl\/wp-json\/wp\/v2\/media?parent=25479"}],"curies":[{"name":"wp","href":"https:\/\/api.w.org\/{rel}","templated":true}]}}