{"id":25662,"date":"2025-04-03T16:14:21","date_gmt":"2025-04-03T16:14:21","guid":{"rendered":"https:\/\/www.eggo.be\/charte-de-qualite\/"},"modified":"2025-07-14T12:06:57","modified_gmt":"2025-07-14T12:06:57","slug":"kwaliteitshandvest","status":"publish","type":"page","link":"https:\/\/eggo-prd-clone.wp1.host\/nl\/kwaliteitshandvest\/","title":{"rendered":"Charte de qualit\u00e9"},"content":{"rendered":"\t\t<div data-elementor-type=\"wp-page\" data-elementor-id=\"25662\" class=\"elementor elementor-25662 elementor-19635\" data-elementor-post-type=\"page\">\n\t\t\t\t<div class=\"elementor-element elementor-element-a407861 e-flex e-con-boxed e-con e-parent\" data-id=\"a407861\" data-element_type=\"container\" data-e-type=\"container\">\n\t\t\t\t\t<div class=\"e-con-inner\">\n\t\t\t\t<div class=\"elementor-element elementor-element-83396b6 elementor-widget__width-initial elementor-widget elementor-widget-heading\" data-id=\"83396b6\" data-element_type=\"widget\" data-e-type=\"widget\" data-widget_type=\"heading.default\">\n\t\t\t\t<div class=\"elementor-widget-container\">\n\t\t\t\t\t<h1 class=\"elementor-heading-title elementor-size-default\">Waarom voor \u00e8ggo kiezen?\n<\/h1>\t\t\t\t<\/div>\n\t\t\t\t<\/div>\n\t\t\t\t<div class=\"elementor-element elementor-element-18ecce7 elementor-widget__width-initial elementor-widget elementor-widget-text-editor\" data-id=\"18ecce7\" data-element_type=\"widget\" data-e-type=\"widget\" data-widget_type=\"text-editor.default\">\n\t\t\t\t<div class=\"elementor-widget-container\">\n\t\t\t\t\t\t\t\t\t<p><span style=\"font-weight: 400;\">Bij het investeren in een nieuwe uitgeruste keuken, moet je de juiste keuzes maken. Nabijheid, competentie, kwaliteit, creativiteit, concurrentiekracht &#8230; Hoe kan je weten aan wie je je project het best toevertrouwt? Zoek niet verder: dit is waarom je ons kan vertrouwen.<\/span><\/p>\t\t\t\t\t\t\t\t<\/div>\n\t\t\t\t<\/div>\n\t\t\t\t\t<\/div>\n\t\t\t\t<\/div>\n\t\t<div class=\"elementor-element elementor-element-4330042 e-flex e-con-boxed e-con e-parent\" data-id=\"4330042\" data-element_type=\"container\" data-e-type=\"container\">\n\t\t\t\t\t<div class=\"e-con-inner\">\n\t\t<div class=\"elementor-element elementor-element-48176f4 e-con-full e-flex e-con e-child\" data-id=\"48176f4\" data-element_type=\"container\" data-e-type=\"container\">\n\t\t<div class=\"elementor-element elementor-element-f9a5cbe e-grid e-con-full e-con e-child\" data-id=\"f9a5cbe\" data-element_type=\"container\" data-e-type=\"container\">\n\t\t\t\t<div class=\"elementor-element elementor-element-c4b1a2e elementor-widget elementor-widget-icon-box\" data-id=\"c4b1a2e\" data-element_type=\"widget\" data-e-type=\"widget\" data-widget_type=\"icon-box.default\">\n\t\t\t\t<div class=\"elementor-widget-container\">\n\t\t\t\t\t\t\t<div class=\"elementor-icon-box-wrapper\">\n\n\t\t\t\n\t\t\t\t\t\t<div class=\"elementor-icon-box-content\">\n\n\t\t\t\t\t\t\t\t\t<h3 class=\"elementor-icon-box-title\">\n\t\t\t\t\t\t<span  >\n\t\t\t\t\t\t\tBij \u00e8ggo kan ik\t\t\t\t\t\t<\/span>\n\t\t\t\t\t<\/h3>\n\t\t\t\t\n\t\t\t\t\t\t\t\t\t<p class=\"elementor-icon-box-description\">\n\t\t\t\t\t\tDe keukeninstallateurs en raadgevers van \u00e8ggo hebben een ruime ervaring in design en interieurinrichting. Ze hebben begrip voor je verwachtingen en behoeften om een keuken te ontwerpen die bij jou past.\t\t\t\t\t<\/p>\n\t\t\t\t\n\t\t\t<\/div>\n\t\t\t\n\t\t<\/div>\n\t\t\t\t\t\t<\/div>\n\t\t\t\t<\/div>\n\t\t\t\t<div class=\"elementor-element elementor-element-9a69554 elementor-widget elementor-widget-icon-box\" data-id=\"9a69554\" data-element_type=\"widget\" data-e-type=\"widget\" data-widget_type=\"icon-box.default\">\n\t\t\t\t<div class=\"elementor-widget-container\">\n\t\t\t\t\t\t\t<div class=\"elementor-icon-box-wrapper\">\n\n\t\t\t\n\t\t\t\t\t\t<div class=\"elementor-icon-box-content\">\n\n\t\t\t\t\t\t\t\t\t<h3 class=\"elementor-icon-box-title\">\n\t\t\t\t\t\t<span  >\n\t\t\t\t\t\t\tMijn budget respecteren\t\t\t\t\t\t<\/span>\n\t\t\t\t\t<\/h3>\n\t\t\t\t\n\t\t\t\t\t\t\t\t\t<p class=\"elementor-icon-box-description\">\n\t\t\t\t\t\tHet ontwerp toegankelijk maken is altijd onze prioriteit geweest: een keuken hoeft niet duur te zijn om mooi en sterk te zijn. Je \u00e8ggo-keukeninstallateur zal je altijd de beste oplossingen voorstellen binnen je budget.\t\t\t\t\t<\/p>\n\t\t\t\t\n\t\t\t<\/div>\n\t\t\t\n\t\t<\/div>\n\t\t\t\t\t\t<\/div>\n\t\t\t\t<\/div>\n\t\t\t\t<div class=\"elementor-element elementor-element-9432f59 elementor-widget elementor-widget-icon-box\" data-id=\"9432f59\" data-element_type=\"widget\" data-e-type=\"widget\" data-widget_type=\"icon-box.default\">\n\t\t\t\t<div class=\"elementor-widget-container\">\n\t\t\t\t\t\t\t<div class=\"elementor-icon-box-wrapper\">\n\n\t\t\t\n\t\t\t\t\t\t<div class=\"elementor-icon-box-content\">\n\n\t\t\t\t\t\t\t\t\t<h3 class=\"elementor-icon-box-title\">\n\t\t\t\t\t\t<span  >\n\t\t\t\t\t\t\tEen gedetailleerde offerte ontvangen\t\t\t\t\t\t<\/span>\n\t\t\t\t\t<\/h3>\n\t\t\t\t\n\t\t\t\t\t\t\t\t\t<p class=\"elementor-icon-box-description\">\n\t\t\t\t\t\t\u00e8ggo is de enige die je een heldere, volledige en gedetailleerde offerte bezorgt. Met alle info ter beschikking kan je de tijd nemen om na te denken over je project. Uiteraard kunnen we altijd aanpassingen doen, gratis en zonder verplichtingen.\t\t\t\t\t<\/p>\n\t\t\t\t\n\t\t\t<\/div>\n\t\t\t\n\t\t<\/div>\n\t\t\t\t\t\t<\/div>\n\t\t\t\t<\/div>\n\t\t\t\t<div class=\"elementor-element elementor-element-004f421 elementor-widget elementor-widget-icon-box\" data-id=\"004f421\" data-element_type=\"widget\" data-e-type=\"widget\" data-widget_type=\"icon-box.default\">\n\t\t\t\t<div class=\"elementor-widget-container\">\n\t\t\t\t\t\t\t<div class=\"elementor-icon-box-wrapper\">\n\n\t\t\t\n\t\t\t\t\t\t<div class=\"elementor-icon-box-content\">\n\n\t\t\t\t\t\t\t\t\t<h3 class=\"elementor-icon-box-title\">\n\t\t\t\t\t\t<span  >\n\t\t\t\t\t\t\tGenieten van een professionele installatie\t\t\t\t\t\t<\/span>\n\t\t\t\t\t<\/h3>\n\t\t\t\t\n\t\t\t\t\t\t\t\t\t<p class=\"elementor-icon-box-description\">\n\t\t\t\t\t\t\u00e8ggo selecteert installateurs die instaan voor het plaatsen van je keuken en de aansluiting van je elektrische toestellen. Ze zijn gebonden aan ons kwaliteitscharter. Hun professionaliteit en ervaring staan ten dienste van jouw tevredenheid.\n\t\t\t\t\t<\/p>\n\t\t\t\t\n\t\t\t<\/div>\n\t\t\t\n\t\t<\/div>\n\t\t\t\t\t\t<\/div>\n\t\t\t\t<\/div>\n\t\t\t\t<div class=\"elementor-element elementor-element-91de531 elementor-widget elementor-widget-icon-box\" data-id=\"91de531\" data-element_type=\"widget\" data-e-type=\"widget\" data-widget_type=\"icon-box.default\">\n\t\t\t\t<div class=\"elementor-widget-container\">\n\t\t\t\t\t\t\t<div class=\"elementor-icon-box-wrapper\">\n\n\t\t\t\n\t\t\t\t\t\t<div class=\"elementor-icon-box-content\">\n\n\t\t\t\t\t\t\t\t\t<h3 class=\"elementor-icon-box-title\">\n\t\t\t\t\t\t<span  >\n\t\t\t\t\t\t\tPerfect begeleid worden\t\t\t\t\t\t<\/span>\n\t\t\t\t\t<\/h3>\n\t\t\t\t\n\t\t\t\t\t\t\t\t\t<p class=\"elementor-icon-box-description\">\n\t\t\t\t\t\tDe klantendienst van \u00e8ggo is uniek in Belgi\u00eb en wijst je een projectmanager toe die je vaste contactpersoon wordt. Met die persoon en dankzij je persoonlijke My \u00e8ggo-omgeving sta je er nooit alleen voor en weet je op elk moment hoe het zit met je keuken.\t\t\t\t\t<\/p>\n\t\t\t\t\n\t\t\t<\/div>\n\t\t\t\n\t\t<\/div>\n\t\t\t\t\t\t<\/div>\n\t\t\t\t<\/div>\n\t\t\t\t<div class=\"elementor-element elementor-element-604dec1 elementor-widget elementor-widget-icon-box\" data-id=\"604dec1\" data-element_type=\"widget\" data-e-type=\"widget\" data-widget_type=\"icon-box.default\">\n\t\t\t\t<div class=\"elementor-widget-container\">\n\t\t\t\t\t\t\t<div class=\"elementor-icon-box-wrapper\">\n\n\t\t\t\n\t\t\t\t\t\t<div class=\"elementor-icon-box-content\">\n\n\t\t\t\t\t\t\t\t\t<h3 class=\"elementor-icon-box-title\">\n\t\t\t\t\t\t<span  >\n\t\t\t\t\t\t\tVertrouwen op stevige garanties\t\t\t\t\t\t<\/span>\n\t\t\t\t\t<\/h3>\n\t\t\t\t\n\t\t\t\t\t\t\t\t\t<p class=\"elementor-icon-box-description\">\n\t\t\t\t\t\tDe meubelen, werkbladen en mechanische onderdelen van je keuken krijgen stevige garanties, waardoor je er lang zonder zorgen en in alle rust van kan genieten.\n\t\t\t\t\t<\/p>\n\t\t\t\t\n\t\t\t<\/div>\n\t\t\t\n\t\t<\/div>\n\t\t\t\t\t\t<\/div>\n\t\t\t\t<\/div>\n\t\t\t\t<div class=\"elementor-element elementor-element-693f1f2 elementor-widget elementor-widget-icon-box\" data-id=\"693f1f2\" data-element_type=\"widget\" data-e-type=\"widget\" data-widget_type=\"icon-box.default\">\n\t\t\t\t<div class=\"elementor-widget-container\">\n\t\t\t\t\t\t\t<div class=\"elementor-icon-box-wrapper\">\n\n\t\t\t\n\t\t\t\t\t\t<div class=\"elementor-icon-box-content\">\n\n\t\t\t\t\t\t\t\t\t<h3 class=\"elementor-icon-box-title\">\n\t\t\t\t\t\t<span  >\n\t\t\t\t\t\t\tMijn vertrouwen aan een Belgische onderneming geven\t\t\t\t\t\t<\/span>\n\t\t\t\t\t<\/h3>\n\t\t\t\t\n\t\t\t\t\t\t\t\t\t<p class=\"elementor-icon-box-description\">\n\t\t\t\t\t\t\u00e8ggo is een Belgisch familiebedrijf dat honderden mensen tewerkstelt in zijn winkels, administratieve diensten en logistieke diensten. Samen genieten we ervan om voor elke klant een unieke keuken te cre\u00ebren die bij hem past.\n\t\t\t\t\t<\/p>\n\t\t\t\t\n\t\t\t<\/div>\n\t\t\t\n\t\t<\/div>\n\t\t\t\t\t\t<\/div>\n\t\t\t\t<\/div>\n\t\t\t\t<\/div>\n\t\t\t\t<\/div>\n\t\t<div class=\"elementor-element elementor-element-d627708 e-con-full e-flex e-con e-child\" data-id=\"d627708\" data-element_type=\"container\" data-e-type=\"container\" data-settings=\"{&quot;background_background&quot;:&quot;classic&quot;}\">\n\t\t\t\t<div class=\"elementor-element elementor-element-4bb9793 elementor-widget__width-initial elementor-widget-tablet__width-inherit elementor-widget elementor-widget-heading\" data-id=\"4bb9793\" data-element_type=\"widget\" data-e-type=\"widget\" data-widget_type=\"heading.default\">\n\t\t\t\t<div class=\"elementor-widget-container\">\n\t\t\t\t\t<h2 class=\"elementor-heading-title elementor-size-default\">Bij \u00e8ggo kan ik :\n<\/h2>\t\t\t\t<\/div>\n\t\t\t\t<\/div>\n\t\t\t\t<\/div>\n\t\t\t\t\t<\/div>\n\t\t\t\t<\/div>\n\t\t<div class=\"elementor-element elementor-element-e08949c e-flex e-con-boxed e-con e-parent\" data-id=\"e08949c\" data-element_type=\"container\" data-e-type=\"container\">\n\t\t\t\t\t<div class=\"e-con-inner\">\n\t\t\t\t<div class=\"elementor-element elementor-element-0626862 elementor-widget elementor-widget-testimonial_Section\" data-id=\"0626862\" data-element_type=\"widget\" data-e-type=\"widget\" data-widget_type=\"testimonial_Section.default\">\n\t\t\t\t<div class=\"elementor-widget-container\">\n\t\t\t\t\t        <div class=\"custom-testimonials-container elementor-testimonials-0626862\" data-testimonial-ids=\"16019,16008,15943,15997\">\n            \n            \n            <!-- Testimonials Posts Wrapper -->\n            <div class=\"posts-con\">\n                <div id=\"testimonials-posts\" class=\"testimonials-posts\"><\/div>\n                <div id=\"modal-loader\"><\/div>\n            <\/div>\n\n            <div class=\"no-posts\" style=\"width: 100%; display: none;\">No testimonials found.<\/div>\n            \n            <!-- Load More Button -->\n            <div class=\"load-more-wrapper\">\n                <button id=\"load-more-btn\" style=\"display: block;\">Meer getuigenissen<\/button>\n            <\/div>\n        <\/div>\n        \t\t\t\t<\/div>\n\t\t\t\t<\/div>\n\t\t\t\t\t<\/div>\n\t\t\t\t<\/div>\n\t\t<div class=\"elementor-element elementor-element-4ace829 e-flex e-con-boxed e-con e-parent\" data-id=\"4ace829\" data-element_type=\"container\" data-e-type=\"container\">\n\t\t\t\t\t<div class=\"e-con-inner\">\n\t\t\t\t<div class=\"elementor-element elementor-element-f7e453d elementor-widget__width-initial elementor-widget-tablet__width-inherit elementor-widget elementor-widget-heading\" data-id=\"f7e453d\" data-element_type=\"widget\" data-e-type=\"widget\" data-widget_type=\"heading.default\">\n\t\t\t\t<div class=\"elementor-widget-container\">\n\t\t\t\t\t<h2 class=\"elementor-heading-title elementor-size-default\">Wil je meer weten over \u00e8ggo?\n<\/h2>\t\t\t\t<\/div>\n\t\t\t\t<\/div>\n\t\t<div class=\"elementor-element elementor-element-651d698 e-con-full e-flex e-con e-child\" data-id=\"651d698\" data-element_type=\"container\" data-e-type=\"container\">\n\t\t\t\t<div class=\"elementor-element elementor-element-0cb6e53 elementor-align-justify elementor-widget__width-initial elementor-widget-mobile__width-inherit elementor-widget elementor-widget-button\" data-id=\"0cb6e53\" data-element_type=\"widget\" data-e-type=\"widget\" data-widget_type=\"button.default\">\n\t\t\t\t<div class=\"elementor-widget-container\">\n\t\t\t\t\t\t\t\t\t<div class=\"elementor-button-wrapper\">\n\t\t\t\t\t<a class=\"elementor-button elementor-button-link elementor-size-sm\" href=\"https:\/\/www.eggo.be\/nl\/accompagnement\" target=\"_blank\">\n\t\t\t\t\t\t<span class=\"elementor-button-content-wrapper\">\n\t\t\t\t\t\t\t\t\t<span class=\"elementor-button-text\">Ontdek onze vakkennis<\/span>\n\t\t\t\t\t<\/span>\n\t\t\t\t\t<\/a>\n\t\t\t\t<\/div>\n\t\t\t\t\t\t\t\t<\/div>\n\t\t\t\t<\/div>\n\t\t\t\t<\/div>\n\t\t\t\t\t<\/div>\n\t\t\t\t<\/div>\n\t\t\t\t<\/div>\n\t\t","protected":false},"excerpt":{"rendered":"<p>Waarom voor \u00e8ggo kiezen? Bij het investeren in een nieuwe uitgeruste keuken, moet je de juiste keuzes maken. Nabijheid, competentie, kwaliteit, creativiteit, concurrentiekracht &#8230; Hoe kan je weten aan wie je je project het best toevertrouwt? Zoek niet verder: dit is waarom je ons kan vertrouwen. Bij \u00e8ggo kan ik De keukeninstallateurs en raadgevers van [&hellip;]<\/p>\n","protected":false},"author":1,"featured_media":0,"parent":0,"menu_order":0,"comment_status":"closed","ping_status":"closed","template":"","meta":{"footnotes":""},"class_list":["post-25662","page","type-page","status-publish","hentry"],"yoast_head":"<!-- This site is optimized with the Yoast SEO Premium plugin v26.2 (Yoast SEO v26.9) - https:\/\/yoast.com\/product\/yoast-seo-premium-wordpress\/ -->\n<title>kwaliteitshandvest - Eggo - Eggo<\/title>\n<meta name=\"description\" content=\"Bij het investeren in een nieuwe uitgeruste keuken, moet je de juiste keuzes maken. Nabijheid, competentie, kwaliteit, creativiteit, concurrentiekracht ... Hoe kan je weten aan wie je je project het best toevertrouwt? Zoek niet verder: dit is waarom je ons kan vertrouwen.\" \/>\n<meta name=\"robots\" content=\"noindex, follow, max-snippet:-1, max-image-preview:large, max-video-preview:-1\" \/>\n<meta property=\"og:locale\" content=\"nl_NL\" \/>\n<meta property=\"og:type\" content=\"article\" \/>\n<meta property=\"og:title\" content=\"Charte de qualit\u00e9\" \/>\n<meta property=\"og:description\" content=\"Bij het investeren in een nieuwe uitgeruste keuken, moet je de juiste keuzes maken. Nabijheid, competentie, kwaliteit, creativiteit, concurrentiekracht ... Hoe kan je weten aan wie je je project het best toevertrouwt? Zoek niet verder: dit is waarom je ons kan vertrouwen.\" \/>\n<meta property=\"og:url\" content=\"https:\/\/eggo-prd-clone.wp1.host\/nl\/kwaliteitshandvest\/\" \/>\n<meta property=\"og:site_name\" content=\"Eggo\" \/>\n<meta property=\"article:publisher\" content=\"https:\/\/www.facebook.com\/eggokitchen\" \/>\n<meta property=\"article:modified_time\" content=\"2025-07-14T12:06:57+00:00\" \/>\n<meta name=\"twitter:card\" content=\"summary_large_image\" \/>\n<meta name=\"twitter:label1\" content=\"Geschatte leestijd\" \/>\n\t<meta name=\"twitter:data1\" content=\"1 minuut\" \/>\n<script type=\"application\/ld+json\" class=\"yoast-schema-graph\">{\"@context\":\"https:\/\/schema.org\",\"@graph\":[{\"@type\":\"WebPage\",\"@id\":\"https:\/\/eggo-prd-clone.wp1.host\/nl\/kwaliteitshandvest\/\",\"url\":\"https:\/\/eggo-prd-clone.wp1.host\/nl\/kwaliteitshandvest\/\",\"name\":\"kwaliteitshandvest - Eggo - Eggo\",\"isPartOf\":{\"@id\":\"https:\/\/eggo-prd-clone.wp1.host\/nl\/#website\"},\"datePublished\":\"2025-04-03T16:14:21+00:00\",\"dateModified\":\"2025-07-14T12:06:57+00:00\",\"description\":\"Bij het investeren in een nieuwe uitgeruste keuken, moet je de juiste keuzes maken. Nabijheid, competentie, kwaliteit, creativiteit, concurrentiekracht ... Hoe kan je weten aan wie je je project het best toevertrouwt? Zoek niet verder: dit is waarom je ons kan vertrouwen.\",\"breadcrumb\":{\"@id\":\"https:\/\/eggo-prd-clone.wp1.host\/nl\/kwaliteitshandvest\/#breadcrumb\"},\"inLanguage\":\"nl-NL\",\"potentialAction\":[{\"@type\":\"ReadAction\",\"target\":[\"https:\/\/eggo-prd-clone.wp1.host\/nl\/kwaliteitshandvest\/\"]}]},{\"@type\":\"BreadcrumbList\",\"@id\":\"https:\/\/eggo-prd-clone.wp1.host\/nl\/kwaliteitshandvest\/#breadcrumb\",\"itemListElement\":[{\"@type\":\"ListItem\",\"position\":1,\"name\":\"Home\",\"item\":\"https:\/\/eggo-prd-clone.wp1.host\/nl\/\"},{\"@type\":\"ListItem\",\"position\":2,\"name\":\"Charte de qualit\u00e9\"}]},{\"@type\":\"WebSite\",\"@id\":\"https:\/\/eggo-prd-clone.wp1.host\/nl\/#website\",\"url\":\"https:\/\/eggo-prd-clone.wp1.host\/nl\/\",\"name\":\"\u00e8ggo\",\"description\":\"\",\"publisher\":{\"@id\":\"https:\/\/eggo-prd-clone.wp1.host\/nl\/#organization\"},\"potentialAction\":[{\"@type\":\"SearchAction\",\"target\":{\"@type\":\"EntryPoint\",\"urlTemplate\":\"https:\/\/eggo-prd-clone.wp1.host\/nl\/?s={search_term_string}\"},\"query-input\":{\"@type\":\"PropertyValueSpecification\",\"valueRequired\":true,\"valueName\":\"search_term_string\"}}],\"inLanguage\":\"nl-NL\"},{\"@type\":[\"Organization\",\"Place\"],\"@id\":\"https:\/\/eggo-prd-clone.wp1.host\/nl\/#organization\",\"name\":\"\u00e8ggo\",\"alternateName\":\"eggo\",\"url\":\"https:\/\/eggo-prd-clone.wp1.host\/nl\/\",\"logo\":{\"@id\":\"https:\/\/eggo-prd-clone.wp1.host\/nl\/kwaliteitshandvest\/#local-main-organization-logo\"},\"image\":{\"@id\":\"https:\/\/eggo-prd-clone.wp1.host\/nl\/kwaliteitshandvest\/#local-main-organization-logo\"},\"sameAs\":[\"https:\/\/www.facebook.com\/eggokitchen\",\"https:\/\/www.linkedin.com\/company\/eggo\/\"],\"description\":\"Des cuisines et meubles de rangement de qualit\u00e9 \u00e0 des prix avantageux ! D\u00e9couvrez nos mod\u00e8les et prenez rendez-vous en ligne dans votre showroom \u00e8ggo.\",\"telephone\":[],\"openingHoursSpecification\":[{\"@type\":\"OpeningHoursSpecification\",\"dayOfWeek\":[\"Monday\",\"Tuesday\",\"Wednesday\",\"Thursday\",\"Friday\",\"Saturday\",\"Sunday\"],\"opens\":\"09:00\",\"closes\":\"17:00\"}]},{\"@type\":\"ImageObject\",\"inLanguage\":\"nl-NL\",\"@id\":\"https:\/\/eggo-prd-clone.wp1.host\/nl\/kwaliteitshandvest\/#local-main-organization-logo\",\"url\":\"https:\/\/eggo-prd-clone.wp1.host\/wp-content\/uploads\/2025\/01\/Logo.png\",\"contentUrl\":\"https:\/\/eggo-prd-clone.wp1.host\/wp-content\/uploads\/2025\/01\/Logo.png\",\"width\":88,\"height\":88,\"caption\":\"\u00e8ggo\"}]}<\/script>\n<!-- \/ Yoast SEO Premium plugin. -->","yoast_head_json":{"title":"kwaliteitshandvest - Eggo - Eggo","description":"Bij het investeren in een nieuwe uitgeruste keuken, moet je de juiste keuzes maken. Nabijheid, competentie, kwaliteit, creativiteit, concurrentiekracht ... Hoe kan je weten aan wie je je project het best toevertrouwt? Zoek niet verder: dit is waarom je ons kan vertrouwen.","robots":{"index":"noindex","follow":"follow","max-snippet":"max-snippet:-1","max-image-preview":"max-image-preview:large","max-video-preview":"max-video-preview:-1"},"og_locale":"nl_NL","og_type":"article","og_title":"Charte de qualit\u00e9","og_description":"Bij het investeren in een nieuwe uitgeruste keuken, moet je de juiste keuzes maken. Nabijheid, competentie, kwaliteit, creativiteit, concurrentiekracht ... Hoe kan je weten aan wie je je project het best toevertrouwt? Zoek niet verder: dit is waarom je ons kan vertrouwen.","og_url":"https:\/\/eggo-prd-clone.wp1.host\/nl\/kwaliteitshandvest\/","og_site_name":"Eggo","article_publisher":"https:\/\/www.facebook.com\/eggokitchen","article_modified_time":"2025-07-14T12:06:57+00:00","twitter_card":"summary_large_image","twitter_misc":{"Geschatte leestijd":"1 minuut"},"schema":{"@context":"https:\/\/schema.org","@graph":[{"@type":"WebPage","@id":"https:\/\/eggo-prd-clone.wp1.host\/nl\/kwaliteitshandvest\/","url":"https:\/\/eggo-prd-clone.wp1.host\/nl\/kwaliteitshandvest\/","name":"kwaliteitshandvest - Eggo - Eggo","isPartOf":{"@id":"https:\/\/eggo-prd-clone.wp1.host\/nl\/#website"},"datePublished":"2025-04-03T16:14:21+00:00","dateModified":"2025-07-14T12:06:57+00:00","description":"Bij het investeren in een nieuwe uitgeruste keuken, moet je de juiste keuzes maken. Nabijheid, competentie, kwaliteit, creativiteit, concurrentiekracht ... Hoe kan je weten aan wie je je project het best toevertrouwt? Zoek niet verder: dit is waarom je ons kan vertrouwen.","breadcrumb":{"@id":"https:\/\/eggo-prd-clone.wp1.host\/nl\/kwaliteitshandvest\/#breadcrumb"},"inLanguage":"nl-NL","potentialAction":[{"@type":"ReadAction","target":["https:\/\/eggo-prd-clone.wp1.host\/nl\/kwaliteitshandvest\/"]}]},{"@type":"BreadcrumbList","@id":"https:\/\/eggo-prd-clone.wp1.host\/nl\/kwaliteitshandvest\/#breadcrumb","itemListElement":[{"@type":"ListItem","position":1,"name":"Home","item":"https:\/\/eggo-prd-clone.wp1.host\/nl\/"},{"@type":"ListItem","position":2,"name":"Charte de qualit\u00e9"}]},{"@type":"WebSite","@id":"https:\/\/eggo-prd-clone.wp1.host\/nl\/#website","url":"https:\/\/eggo-prd-clone.wp1.host\/nl\/","name":"\u00e8ggo","description":"","publisher":{"@id":"https:\/\/eggo-prd-clone.wp1.host\/nl\/#organization"},"potentialAction":[{"@type":"SearchAction","target":{"@type":"EntryPoint","urlTemplate":"https:\/\/eggo-prd-clone.wp1.host\/nl\/?s={search_term_string}"},"query-input":{"@type":"PropertyValueSpecification","valueRequired":true,"valueName":"search_term_string"}}],"inLanguage":"nl-NL"},{"@type":["Organization","Place"],"@id":"https:\/\/eggo-prd-clone.wp1.host\/nl\/#organization","name":"\u00e8ggo","alternateName":"eggo","url":"https:\/\/eggo-prd-clone.wp1.host\/nl\/","logo":{"@id":"https:\/\/eggo-prd-clone.wp1.host\/nl\/kwaliteitshandvest\/#local-main-organization-logo"},"image":{"@id":"https:\/\/eggo-prd-clone.wp1.host\/nl\/kwaliteitshandvest\/#local-main-organization-logo"},"sameAs":["https:\/\/www.facebook.com\/eggokitchen","https:\/\/www.linkedin.com\/company\/eggo\/"],"description":"Des cuisines et meubles de rangement de qualit\u00e9 \u00e0 des prix avantageux ! D\u00e9couvrez nos mod\u00e8les et prenez rendez-vous en ligne dans votre showroom \u00e8ggo.","telephone":[],"openingHoursSpecification":[{"@type":"OpeningHoursSpecification","dayOfWeek":["Monday","Tuesday","Wednesday","Thursday","Friday","Saturday","Sunday"],"opens":"09:00","closes":"17:00"}]},{"@type":"ImageObject","inLanguage":"nl-NL","@id":"https:\/\/eggo-prd-clone.wp1.host\/nl\/kwaliteitshandvest\/#local-main-organization-logo","url":"https:\/\/eggo-prd-clone.wp1.host\/wp-content\/uploads\/2025\/01\/Logo.png","contentUrl":"https:\/\/eggo-prd-clone.wp1.host\/wp-content\/uploads\/2025\/01\/Logo.png","width":88,"height":88,"caption":"\u00e8ggo"}]}},"meta_box":{"promotion_toggle":"0","small_featured_promotion_toggle":"0","promotion_icon":[],"promotion_description":"","promotion_period":"","promotion_link":"","promotion_bg_color":"#ffffff","promotion_text_color":"#fe5000","read_more_content":"","catalog_pdf":[]},"_links":{"self":[{"href":"https:\/\/eggo-prd-clone.wp1.host\/nl\/wp-json\/wp\/v2\/pages\/25662","targetHints":{"allow":["GET"]}}],"collection":[{"href":"https:\/\/eggo-prd-clone.wp1.host\/nl\/wp-json\/wp\/v2\/pages"}],"about":[{"href":"https:\/\/eggo-prd-clone.wp1.host\/nl\/wp-json\/wp\/v2\/types\/page"}],"author":[{"embeddable":true,"href":"https:\/\/eggo-prd-clone.wp1.host\/nl\/wp-json\/wp\/v2\/users\/1"}],"replies":[{"embeddable":true,"href":"https:\/\/eggo-prd-clone.wp1.host\/nl\/wp-json\/wp\/v2\/comments?post=25662"}],"version-history":[{"count":19,"href":"https:\/\/eggo-prd-clone.wp1.host\/nl\/wp-json\/wp\/v2\/pages\/25662\/revisions"}],"predecessor-version":[{"id":39549,"href":"https:\/\/eggo-prd-clone.wp1.host\/nl\/wp-json\/wp\/v2\/pages\/25662\/revisions\/39549"}],"wp:attachment":[{"href":"https:\/\/eggo-prd-clone.wp1.host\/nl\/wp-json\/wp\/v2\/media?parent=25662"}],"curies":[{"name":"wp","href":"https:\/\/api.w.org\/{rel}","templated":true}]}}