{"id":8760,"date":"2025-03-18T19:02:52","date_gmt":"2025-03-18T19:02:52","guid":{"rendered":"https:\/\/www.eggo.be\/services\/financer-son-projet\/"},"modified":"2026-01-03T08:19:12","modified_gmt":"2026-01-03T08:19:12","slug":"financiering","status":"publish","type":"page","link":"https:\/\/eggo-prd-clone.wp1.host\/nl\/diensten\/financiering\/","title":{"rendered":"Financiering"},"content":{"rendered":"\t\t<div data-elementor-type=\"wp-page\" data-elementor-id=\"8760\" class=\"elementor elementor-8760 elementor-7664\" data-elementor-post-type=\"page\">\n\t\t\t\t<div class=\"elementor-element elementor-element-bf27f9a e-flex e-con-boxed e-con e-parent\" data-id=\"bf27f9a\" data-element_type=\"container\" data-e-type=\"container\" data-settings=\"{&quot;background_background&quot;:&quot;classic&quot;}\">\n\t\t\t\t\t<div class=\"e-con-inner\">\n\t\t\t\t<div class=\"elementor-element elementor-element-8a3658d elementor-widget elementor-widget-shortcode\" data-id=\"8a3658d\" data-element_type=\"widget\" data-e-type=\"widget\" data-widget_type=\"shortcode.default\">\n\t\t\t\t<div class=\"elementor-widget-container\">\n\t\t\t\t\t\t\t<div class=\"elementor-shortcode\"><nav class=\"custom-breadcrumbs breadcrumb-desktop\"><\/nav><\/div>\n\t\t\t\t\t\t<\/div>\n\t\t\t\t<\/div>\n\t\t\t\t\t<\/div>\n\t\t\t\t<\/div>\n\t\t<div class=\"elementor-element elementor-element-3274133 e-flex e-con-boxed e-con e-parent\" data-id=\"3274133\" data-element_type=\"container\" data-e-type=\"container\">\n\t\t\t\t\t<div class=\"e-con-inner\">\n\t\t\t\t<div class=\"elementor-element elementor-element-48bef10 elementor-widget__width-initial elementor-widget elementor-widget-heading\" data-id=\"48bef10\" data-element_type=\"widget\" data-e-type=\"widget\" data-widget_type=\"heading.default\">\n\t\t\t\t<div class=\"elementor-widget-container\">\n\t\t\t\t\t<h1 class=\"elementor-heading-title elementor-size-default\">Uw project financieren:\n<br>Uw keuken nog toegankelijker.\n<\/h1>\t\t\t\t<\/div>\n\t\t\t\t<\/div>\n\t\t\t\t<div class=\"elementor-element elementor-element-63e2a3d elementor-widget elementor-widget-text-editor\" data-id=\"63e2a3d\" data-element_type=\"widget\" data-e-type=\"widget\" data-widget_type=\"text-editor.default\">\n\t\t\t\t<div class=\"elementor-widget-container\">\n\t\t\t\t\t\t\t\t\t<h3 style=\"text-align: center;\">Laat budgettaire beperkingen uw projecten niet langer in de weg staan.<br \/>Betaal uw keuken in meerdere maanden zonder extra kosten.<\/h3>\t\t\t\t\t\t\t\t<\/div>\n\t\t\t\t<\/div>\n\t\t\t\t<div class=\"elementor-element elementor-element-9babc1c elementor-widget__width-initial elementor-widget elementor-widget-text-editor\" data-id=\"9babc1c\" data-element_type=\"widget\" data-e-type=\"widget\" data-widget_type=\"text-editor.default\">\n\t\t\t\t<div class=\"elementor-widget-container\">\n\t\t\t\t\t\t\t\t\t<p><span style=\"font-weight: 400;\">Het hele jaar door biedt \u00e8ggo financieringscondities.* <\/span><\/p>\t\t\t\t\t\t\t\t<\/div>\n\t\t\t\t<\/div>\n\t\t\t\t\t<\/div>\n\t\t\t\t<\/div>\n\t\t<div class=\"elementor-element elementor-element-4c5303d e-flex e-con-boxed e-con e-parent\" data-id=\"4c5303d\" data-element_type=\"container\" data-e-type=\"container\">\n\t\t\t\t\t<div class=\"e-con-inner\">\n\t\t\t\t<div class=\"elementor-element elementor-element-31458f9 elementor-widget elementor-widget-image\" data-id=\"31458f9\" data-element_type=\"widget\" data-e-type=\"widget\" data-widget_type=\"image.default\">\n\t\t\t\t<div class=\"elementor-widget-container\">\n\t\t\t\t\t\t\t\t\t\t\t\t\t\t\t<img fetchpriority=\"high\" decoding=\"async\" width=\"2048\" height=\"1152\" src=\"https:\/\/eggo-prd-clone.wp1.host\/wp-content\/uploads\/2025\/11\/TAEG_site_04112-scaled.jpg\" class=\"attachment-full size-full wp-image-41642\" alt=\"\" srcset=\"https:\/\/eggo-prd-clone.wp1.host\/wp-content\/uploads\/2025\/11\/TAEG_site_04112-scaled.jpg 2048w, https:\/\/eggo-prd-clone.wp1.host\/wp-content\/uploads\/2025\/11\/TAEG_site_04112-300x169.jpg 300w, https:\/\/eggo-prd-clone.wp1.host\/wp-content\/uploads\/2025\/11\/TAEG_site_04112-1024x576.jpg 1024w, https:\/\/eggo-prd-clone.wp1.host\/wp-content\/uploads\/2025\/11\/TAEG_site_04112-768x432.jpg 768w, https:\/\/eggo-prd-clone.wp1.host\/wp-content\/uploads\/2025\/11\/TAEG_site_04112-1536x864.jpg 1536w\" sizes=\"(max-width: 2048px) 100vw, 2048px\" \/>\t\t\t\t\t\t\t\t\t\t\t\t\t\t\t<\/div>\n\t\t\t\t<\/div>\n\t\t\t\t\t<\/div>\n\t\t\t\t<\/div>\n\t\t<div class=\"elementor-element elementor-element-b19d455 e-flex e-con-boxed e-con e-parent\" data-id=\"b19d455\" data-element_type=\"container\" data-e-type=\"container\">\n\t\t\t\t\t<div class=\"e-con-inner\">\n\t\t\t\t<div class=\"elementor-element elementor-element-d2d7773 elementor-widget elementor-widget-heading\" data-id=\"d2d7773\" data-element_type=\"widget\" data-e-type=\"widget\" data-widget_type=\"heading.default\">\n\t\t\t\t<div class=\"elementor-widget-container\">\n\t\t\t\t\t<h2 class=\"elementor-heading-title elementor-size-default\">Let op, geld lenen kost ook geld. <\/h2>\t\t\t\t<\/div>\n\t\t\t\t<\/div>\n\t\t\t\t<div class=\"elementor-element elementor-element-c503018 elementor-widget elementor-widget-text-editor\" data-id=\"c503018\" data-element_type=\"widget\" data-e-type=\"widget\" data-widget_type=\"text-editor.default\">\n\t\t\t\t<div class=\"elementor-widget-container\">\n\t\t\t\t\t\t\t\t\t<p><b>*TOT 30 JANUARI 2026 <\/b><span style=\"font-weight: 400;\">kan je je aankoop financieren met een <\/span><b>JKP van 0%**<\/b><span style=\"font-weight: 400;\">.<\/span><span style=\"font-weight: 400;\"><br \/><\/span><span style=\"font-weight: 400;\">D\u00e8 gelegenheid om je ontwerp te realiseren zonder toegevingen op kwaliteit. Bijkomende informatie krijg je in de dichtstbijzijnde winkel. Je \u00e8ggo-raadgever helpt je om het ideale evenwicht te vinden tussen de looptijd en de maandelijkse aflossingen.\u00a0<\/span><\/p><p><span style=\"font-weight: 400;\">*Representatief voorbeeld: <\/span><b>Promotioneel jaarlijks kostenpercentage (JKP) van 0%<\/b><span style=\"font-weight: 400;\">, vaste jaarlijkse debetrentevoet van 0%. Verplicht voorschot: 2.978,00\u20ac. Contant prijs: 9.890,00\u20ac. <\/span><b>Lening op afbetaling<\/b><span style=\"font-weight: 400;\">. Kredietbedrag van 6.912,00\u20ac, voor een looptijd van 24 maanden, terugbetaalbaar in 24 maandelijkse aflossingen van 288,00\u20ac, totaal te betalen bedrag: 6.912,00\u20ac. Aanbod geldig van 01\/01\/2026 tot 30\/01\/2026 voor een geleend bedrag van maximum 8.000,00\u20ac. Onder voorbehoud van aanvaarding van uw kredietaanvraag door Alpha Credit n.v., kredietgever, Warandeberg 8 Bus 3, 1000 Brussel, BTW BE 0445.781.316, RPR Brussel. Cetelem is een commerci\u00eble benaming van Alpha Credit n.v. Adverteerder: Menatam n.v., agent in nevenfunctie, rue du R\u00e9emploi 4, 5020 Suarl\u00e9e, BTW BE0421 312 867, RPR Namen. Het aangaan van een lening op afbetaling valt onder de wetgeving op het consumentenkrediet, meer bepaald onder boek VII van het Wetboek van economisch recht.<\/span><\/p><p><span style=\"font-weight: 400;\">Adverteerder \/ Verantwoordelijke uitgever: MENATAM NV.<\/span><\/p><p><span style=\"font-weight: 400;\">Let op, geld lenen kost ook geld. <\/span><span style=\"font-weight: 400;\"><br \/><\/span><b>**Zie voorwaarden in de winkel<\/b><\/p>\t\t\t\t\t\t\t\t<\/div>\n\t\t\t\t<\/div>\n\t\t\t\t\t<\/div>\n\t\t\t\t<\/div>\n\t\t\t\t<\/div>\n\t\t","protected":false},"excerpt":{"rendered":"<p>Uw project financieren: Uw keuken nog toegankelijker. Laat budgettaire beperkingen uw projecten niet langer in de weg staan.Betaal uw keuken in meerdere maanden zonder extra kosten. Het hele jaar door biedt \u00e8ggo financieringscondities.* Let op, geld lenen kost ook geld. *TOT 30 JANUARI 2026 kan je je aankoop financieren met een JKP van 0%**.D\u00e8 gelegenheid [&hellip;]<\/p>\n","protected":false},"author":1,"featured_media":0,"parent":8639,"menu_order":0,"comment_status":"closed","ping_status":"closed","template":"","meta":{"footnotes":""},"class_list":["post-8760","page","type-page","status-publish","hentry"],"yoast_head":"<!-- This site is optimized with the Yoast SEO Premium plugin v26.2 (Yoast SEO v26.9) - https:\/\/yoast.com\/product\/yoast-seo-premium-wordpress\/ -->\n<title>Onze financieringsoplossingen voor je keuken- of \u00e8ggo-meubels<\/title>\n<meta name=\"description\" content=\"Ontdek de financieringsoplossingen van \u00e8ggo : flexibele betalingen, transparante voorwaarden en persoonlijke begeleiding.\" \/>\n<meta name=\"robots\" content=\"noindex, follow, max-snippet:-1, max-image-preview:large, max-video-preview:-1\" \/>\n<meta property=\"og:locale\" content=\"nl_NL\" \/>\n<meta property=\"og:type\" content=\"article\" \/>\n<meta property=\"og:title\" content=\"Financiering\" \/>\n<meta property=\"og:description\" content=\"Ontdek de financieringsoplossingen van \u00e8ggo : flexibele betalingen, transparante voorwaarden en persoonlijke begeleiding.\" \/>\n<meta property=\"og:url\" content=\"https:\/\/eggo-prd-clone.wp1.host\/nl\/diensten\/financiering\/\" \/>\n<meta property=\"og:site_name\" content=\"Eggo\" \/>\n<meta property=\"article:publisher\" content=\"https:\/\/www.facebook.com\/eggokitchen\" \/>\n<meta property=\"article:modified_time\" content=\"2026-01-03T08:19:12+00:00\" \/>\n<meta property=\"og:image\" content=\"https:\/\/eggo-prd-clone.wp1.host\/wp-content\/uploads\/2025\/11\/TAEG_site_04112-scaled.jpg\" \/>\n<meta name=\"twitter:card\" content=\"summary_large_image\" \/>\n<meta name=\"twitter:label1\" content=\"Geschatte leestijd\" \/>\n\t<meta name=\"twitter:data1\" content=\"2 minuten\" \/>\n<script type=\"application\/ld+json\" class=\"yoast-schema-graph\">{\"@context\":\"https:\/\/schema.org\",\"@graph\":[{\"@type\":\"WebPage\",\"@id\":\"https:\/\/eggo-prd-clone.wp1.host\/nl\/diensten\/financiering\/\",\"url\":\"https:\/\/eggo-prd-clone.wp1.host\/nl\/diensten\/financiering\/\",\"name\":\"Onze financieringsoplossingen voor je keuken- of \u00e8ggo-meubels\",\"isPartOf\":{\"@id\":\"https:\/\/eggo-prd-clone.wp1.host\/nl\/#website\"},\"primaryImageOfPage\":{\"@id\":\"https:\/\/eggo-prd-clone.wp1.host\/nl\/diensten\/financiering\/#primaryimage\"},\"image\":{\"@id\":\"https:\/\/eggo-prd-clone.wp1.host\/nl\/diensten\/financiering\/#primaryimage\"},\"thumbnailUrl\":\"https:\/\/eggo-prd-clone.wp1.host\/wp-content\/uploads\/2025\/11\/TAEG_site_04112-scaled.jpg\",\"datePublished\":\"2025-03-18T19:02:52+00:00\",\"dateModified\":\"2026-01-03T08:19:12+00:00\",\"description\":\"Ontdek de financieringsoplossingen van \u00e8ggo : flexibele betalingen, transparante voorwaarden en persoonlijke begeleiding.\",\"breadcrumb\":{\"@id\":\"https:\/\/eggo-prd-clone.wp1.host\/nl\/diensten\/financiering\/#breadcrumb\"},\"inLanguage\":\"nl-NL\",\"potentialAction\":[{\"@type\":\"ReadAction\",\"target\":[\"https:\/\/eggo-prd-clone.wp1.host\/nl\/diensten\/financiering\/\"]}]},{\"@type\":\"ImageObject\",\"inLanguage\":\"nl-NL\",\"@id\":\"https:\/\/eggo-prd-clone.wp1.host\/nl\/diensten\/financiering\/#primaryimage\",\"url\":\"https:\/\/eggo-prd-clone.wp1.host\/wp-content\/uploads\/2025\/11\/TAEG_site_04112-scaled.jpg\",\"contentUrl\":\"https:\/\/eggo-prd-clone.wp1.host\/wp-content\/uploads\/2025\/11\/TAEG_site_04112-scaled.jpg\"},{\"@type\":\"BreadcrumbList\",\"@id\":\"https:\/\/eggo-prd-clone.wp1.host\/nl\/diensten\/financiering\/#breadcrumb\",\"itemListElement\":[{\"@type\":\"ListItem\",\"position\":1,\"name\":\"Home\",\"item\":\"https:\/\/eggo-prd-clone.wp1.host\/nl\/\"},{\"@type\":\"ListItem\",\"position\":2,\"name\":\"Onze diensten\",\"item\":\"https:\/\/eggo-prd-clone.wp1.host\/nl\/diensten\/\"},{\"@type\":\"ListItem\",\"position\":3,\"name\":\"Financiering\"}]},{\"@type\":\"WebSite\",\"@id\":\"https:\/\/eggo-prd-clone.wp1.host\/nl\/#website\",\"url\":\"https:\/\/eggo-prd-clone.wp1.host\/nl\/\",\"name\":\"\u00e8ggo\",\"description\":\"\",\"publisher\":{\"@id\":\"https:\/\/eggo-prd-clone.wp1.host\/nl\/#organization\"},\"potentialAction\":[{\"@type\":\"SearchAction\",\"target\":{\"@type\":\"EntryPoint\",\"urlTemplate\":\"https:\/\/eggo-prd-clone.wp1.host\/nl\/?s={search_term_string}\"},\"query-input\":{\"@type\":\"PropertyValueSpecification\",\"valueRequired\":true,\"valueName\":\"search_term_string\"}}],\"inLanguage\":\"nl-NL\"},{\"@type\":[\"Organization\",\"Place\"],\"@id\":\"https:\/\/eggo-prd-clone.wp1.host\/nl\/#organization\",\"name\":\"\u00e8ggo\",\"alternateName\":\"eggo\",\"url\":\"https:\/\/eggo-prd-clone.wp1.host\/nl\/\",\"logo\":{\"@id\":\"https:\/\/eggo-prd-clone.wp1.host\/nl\/diensten\/financiering\/#local-main-organization-logo\"},\"image\":{\"@id\":\"https:\/\/eggo-prd-clone.wp1.host\/nl\/diensten\/financiering\/#local-main-organization-logo\"},\"sameAs\":[\"https:\/\/www.facebook.com\/eggokitchen\",\"https:\/\/www.linkedin.com\/company\/eggo\/\"],\"description\":\"Des cuisines et meubles de rangement de qualit\u00e9 \u00e0 des prix avantageux ! D\u00e9couvrez nos mod\u00e8les et prenez rendez-vous en ligne dans votre showroom \u00e8ggo.\",\"telephone\":[],\"openingHoursSpecification\":[{\"@type\":\"OpeningHoursSpecification\",\"dayOfWeek\":[\"Monday\",\"Tuesday\",\"Wednesday\",\"Thursday\",\"Friday\",\"Saturday\",\"Sunday\"],\"opens\":\"09:00\",\"closes\":\"17:00\"}]},{\"@type\":\"ImageObject\",\"inLanguage\":\"nl-NL\",\"@id\":\"https:\/\/eggo-prd-clone.wp1.host\/nl\/diensten\/financiering\/#local-main-organization-logo\",\"url\":\"https:\/\/eggo-prd-clone.wp1.host\/wp-content\/uploads\/2025\/01\/Logo.png\",\"contentUrl\":\"https:\/\/eggo-prd-clone.wp1.host\/wp-content\/uploads\/2025\/01\/Logo.png\",\"width\":88,\"height\":88,\"caption\":\"\u00e8ggo\"}]}<\/script>\n<!-- \/ Yoast SEO Premium plugin. -->","yoast_head_json":{"title":"Onze financieringsoplossingen voor je keuken- of \u00e8ggo-meubels","description":"Ontdek de financieringsoplossingen van \u00e8ggo : flexibele betalingen, transparante voorwaarden en persoonlijke begeleiding.","robots":{"index":"noindex","follow":"follow","max-snippet":"max-snippet:-1","max-image-preview":"max-image-preview:large","max-video-preview":"max-video-preview:-1"},"og_locale":"nl_NL","og_type":"article","og_title":"Financiering","og_description":"Ontdek de financieringsoplossingen van \u00e8ggo : flexibele betalingen, transparante voorwaarden en persoonlijke begeleiding.","og_url":"https:\/\/eggo-prd-clone.wp1.host\/nl\/diensten\/financiering\/","og_site_name":"Eggo","article_publisher":"https:\/\/www.facebook.com\/eggokitchen","article_modified_time":"2026-01-03T08:19:12+00:00","og_image":[{"url":"https:\/\/eggo-prd-clone.wp1.host\/wp-content\/uploads\/2025\/11\/TAEG_site_04112-scaled.jpg","type":"","width":"","height":""}],"twitter_card":"summary_large_image","twitter_misc":{"Geschatte leestijd":"2 minuten"},"schema":{"@context":"https:\/\/schema.org","@graph":[{"@type":"WebPage","@id":"https:\/\/eggo-prd-clone.wp1.host\/nl\/diensten\/financiering\/","url":"https:\/\/eggo-prd-clone.wp1.host\/nl\/diensten\/financiering\/","name":"Onze financieringsoplossingen voor je keuken- of \u00e8ggo-meubels","isPartOf":{"@id":"https:\/\/eggo-prd-clone.wp1.host\/nl\/#website"},"primaryImageOfPage":{"@id":"https:\/\/eggo-prd-clone.wp1.host\/nl\/diensten\/financiering\/#primaryimage"},"image":{"@id":"https:\/\/eggo-prd-clone.wp1.host\/nl\/diensten\/financiering\/#primaryimage"},"thumbnailUrl":"https:\/\/eggo-prd-clone.wp1.host\/wp-content\/uploads\/2025\/11\/TAEG_site_04112-scaled.jpg","datePublished":"2025-03-18T19:02:52+00:00","dateModified":"2026-01-03T08:19:12+00:00","description":"Ontdek de financieringsoplossingen van \u00e8ggo : flexibele betalingen, transparante voorwaarden en persoonlijke begeleiding.","breadcrumb":{"@id":"https:\/\/eggo-prd-clone.wp1.host\/nl\/diensten\/financiering\/#breadcrumb"},"inLanguage":"nl-NL","potentialAction":[{"@type":"ReadAction","target":["https:\/\/eggo-prd-clone.wp1.host\/nl\/diensten\/financiering\/"]}]},{"@type":"ImageObject","inLanguage":"nl-NL","@id":"https:\/\/eggo-prd-clone.wp1.host\/nl\/diensten\/financiering\/#primaryimage","url":"https:\/\/eggo-prd-clone.wp1.host\/wp-content\/uploads\/2025\/11\/TAEG_site_04112-scaled.jpg","contentUrl":"https:\/\/eggo-prd-clone.wp1.host\/wp-content\/uploads\/2025\/11\/TAEG_site_04112-scaled.jpg"},{"@type":"BreadcrumbList","@id":"https:\/\/eggo-prd-clone.wp1.host\/nl\/diensten\/financiering\/#breadcrumb","itemListElement":[{"@type":"ListItem","position":1,"name":"Home","item":"https:\/\/eggo-prd-clone.wp1.host\/nl\/"},{"@type":"ListItem","position":2,"name":"Onze diensten","item":"https:\/\/eggo-prd-clone.wp1.host\/nl\/diensten\/"},{"@type":"ListItem","position":3,"name":"Financiering"}]},{"@type":"WebSite","@id":"https:\/\/eggo-prd-clone.wp1.host\/nl\/#website","url":"https:\/\/eggo-prd-clone.wp1.host\/nl\/","name":"\u00e8ggo","description":"","publisher":{"@id":"https:\/\/eggo-prd-clone.wp1.host\/nl\/#organization"},"potentialAction":[{"@type":"SearchAction","target":{"@type":"EntryPoint","urlTemplate":"https:\/\/eggo-prd-clone.wp1.host\/nl\/?s={search_term_string}"},"query-input":{"@type":"PropertyValueSpecification","valueRequired":true,"valueName":"search_term_string"}}],"inLanguage":"nl-NL"},{"@type":["Organization","Place"],"@id":"https:\/\/eggo-prd-clone.wp1.host\/nl\/#organization","name":"\u00e8ggo","alternateName":"eggo","url":"https:\/\/eggo-prd-clone.wp1.host\/nl\/","logo":{"@id":"https:\/\/eggo-prd-clone.wp1.host\/nl\/diensten\/financiering\/#local-main-organization-logo"},"image":{"@id":"https:\/\/eggo-prd-clone.wp1.host\/nl\/diensten\/financiering\/#local-main-organization-logo"},"sameAs":["https:\/\/www.facebook.com\/eggokitchen","https:\/\/www.linkedin.com\/company\/eggo\/"],"description":"Des cuisines et meubles de rangement de qualit\u00e9 \u00e0 des prix avantageux ! D\u00e9couvrez nos mod\u00e8les et prenez rendez-vous en ligne dans votre showroom \u00e8ggo.","telephone":[],"openingHoursSpecification":[{"@type":"OpeningHoursSpecification","dayOfWeek":["Monday","Tuesday","Wednesday","Thursday","Friday","Saturday","Sunday"],"opens":"09:00","closes":"17:00"}]},{"@type":"ImageObject","inLanguage":"nl-NL","@id":"https:\/\/eggo-prd-clone.wp1.host\/nl\/diensten\/financiering\/#local-main-organization-logo","url":"https:\/\/eggo-prd-clone.wp1.host\/wp-content\/uploads\/2025\/01\/Logo.png","contentUrl":"https:\/\/eggo-prd-clone.wp1.host\/wp-content\/uploads\/2025\/01\/Logo.png","width":88,"height":88,"caption":"\u00e8ggo"}]}},"meta_box":{"promotion_toggle":"0","small_featured_promotion_toggle":"0","promotion_icon":[],"promotion_description":"","promotion_period":"","promotion_link":"","promotion_bg_color":"#ffffff","promotion_text_color":"#fe5000","read_more_content":"","catalog_pdf":[]},"_links":{"self":[{"href":"https:\/\/eggo-prd-clone.wp1.host\/nl\/wp-json\/wp\/v2\/pages\/8760","targetHints":{"allow":["GET"]}}],"collection":[{"href":"https:\/\/eggo-prd-clone.wp1.host\/nl\/wp-json\/wp\/v2\/pages"}],"about":[{"href":"https:\/\/eggo-prd-clone.wp1.host\/nl\/wp-json\/wp\/v2\/types\/page"}],"author":[{"embeddable":true,"href":"https:\/\/eggo-prd-clone.wp1.host\/nl\/wp-json\/wp\/v2\/users\/1"}],"replies":[{"embeddable":true,"href":"https:\/\/eggo-prd-clone.wp1.host\/nl\/wp-json\/wp\/v2\/comments?post=8760"}],"version-history":[{"count":70,"href":"https:\/\/eggo-prd-clone.wp1.host\/nl\/wp-json\/wp\/v2\/pages\/8760\/revisions"}],"predecessor-version":[{"id":43629,"href":"https:\/\/eggo-prd-clone.wp1.host\/nl\/wp-json\/wp\/v2\/pages\/8760\/revisions\/43629"}],"up":[{"embeddable":true,"href":"https:\/\/eggo-prd-clone.wp1.host\/nl\/wp-json\/wp\/v2\/pages\/8639"}],"wp:attachment":[{"href":"https:\/\/eggo-prd-clone.wp1.host\/nl\/wp-json\/wp\/v2\/media?parent=8760"}],"curies":[{"name":"wp","href":"https:\/\/api.w.org\/{rel}","templated":true}]}}